{"id":1973,"date":"2020-11-24T19:12:28","date_gmt":"2020-11-24T17:12:28","guid":{"rendered":"https:\/\/kallioinen.devnettisivu.net\/palvelut\/"},"modified":"2025-08-12T13:57:13","modified_gmt":"2025-08-12T11:57:13","slug":"services","status":"publish","type":"page","link":"https:\/\/kallioinenyhtiot.com\/en\/services\/","title":{"rendered":"Services"},"content":{"rendered":"<p>[et_pb_section fb_built=&#8221;1&#8243; custom_padding_last_edited=&#8221;on|phone&#8221; admin_label=&#8221;Alasivun otsikko&#8221; _builder_version=&#8221;4.25.0&#8243; background_color=&#8221;gcid-1a5d2122-4131-409c-b339-5f7e2bec986c&#8221; use_background_color_gradient=&#8221;on&#8221; background_color_gradient_stops=&#8221;rgba(4,68,142,0.5) 2%|rgba(2,61,124,0.5) 100%&#8221; background_color_gradient_overlays_image=&#8221;on&#8221; background_image=&#8221;https:\/\/kallioinenyhtiot.com\/wp-content\/uploads\/2024\/04\/kallioinen_cranes_nostopalvelut.jpg&#8221; parallax=&#8221;on&#8221; positioning=&#8221;none&#8221; custom_margin_tablet=&#8221;||||false|false&#8221; custom_margin_phone=&#8221;||||false|false&#8221; custom_margin_last_edited=&#8221;on|phone&#8221; custom_padding=&#8221;9vh||6vh||false|false&#8221; custom_padding_tablet=&#8221;5vh||3vh||false|false&#8221; custom_padding_phone=&#8221;3vh||1vh||false|false&#8221; locked=&#8221;off&#8221; global_colors_info=&#8221;{%22gcid-1a5d2122-4131-409c-b339-5f7e2bec986c%22:%91%22background_color%22%93}&#8221;][et_pb_row _builder_version=&#8221;4.19.5&#8243; global_colors_info=&#8221;{}&#8221;][et_pb_column type=&#8221;4_4&#8243; _builder_version=&#8221;4.16&#8243; global_colors_info=&#8221;{}&#8221;][et_pb_text _builder_version=&#8221;4.27.4&#8243; custom_margin=&#8221;||12px|||&#8221; hover_enabled=&#8221;0&#8243; global_colors_info=&#8221;{}&#8221; sticky_enabled=&#8221;0&#8243;]<\/p>\n<h1>Services<\/h1>\n<p>[\/et_pb_text][\/et_pb_column][\/et_pb_row][\/et_pb_section][et_pb_section fb_built=&#8221;1&#8243; admin_label=&#8221;Osio&#8221; _builder_version=&#8221;4.25.0&#8243; background_enable_image=&#8221;off&#8221; background_size=&#8221;contain&#8221; background_position=&#8221;bottom_center&#8221; custom_padding=&#8221;7vh||7vh||true|false&#8221; global_colors_info=&#8221;{%22gcid-heading-color%22:%91%22background_pattern_color%22%93}&#8221;][et_pb_row column_structure=&#8221;3_5,2_5&#8243; make_equal=&#8221;on&#8221; _builder_version=&#8221;4.25.0&#8243; max_width=&#8221;2560px&#8221; global_colors_info=&#8221;{}&#8221;][et_pb_column type=&#8221;3_5&#8243; _builder_version=&#8221;4.25.0&#8243; global_colors_info=&#8221;{}&#8221; custom_css_main_element_last_edited=&#8221;on|tablet&#8221; custom_css_main_element_tablet=&#8221;order:2;&#8221; custom_css_main_element_phone=&#8221;order:2;&#8221;][et_pb_text _builder_version=&#8221;4.27.4&#8243; header_text_align=&#8221;left&#8221; header_font_size=&#8221;34px&#8221; header_2_font=&#8221;|700|||||||&#8221; header_2_text_color=&#8221;gcid-43508936-0565-4258-b9b9-165d4cc484fd&#8221; header_2_font_size=&#8221;35px&#8221; custom_margin=&#8221;||10px|||&#8221; custom_margin_tablet=&#8221;30px||||false|false&#8221; custom_margin_phone=&#8221;30px||||false|false&#8221; custom_margin_last_edited=&#8221;on|phone&#8221; hover_enabled=&#8221;0&#8243; header_2_font_size_tablet=&#8221;35px&#8221; header_2_font_size_phone=&#8221;35px&#8221; header_2_font_size_last_edited=&#8221;on|desktop&#8221; global_colors_info=&#8221;{%22gcid-43508936-0565-4258-b9b9-165d4cc484fd%22:%91%22header_2_text_color%22%93}&#8221; sticky_enabled=&#8221;0&#8243;]<\/p>\n<h2>Construction Machine Rental<\/h2>\n<p>[\/et_pb_text][et_pb_text _builder_version=&#8221;4.27.4&#8243; header_font_size=&#8221;34px&#8221; header_2_font=&#8221;|300|||||||&#8221; hover_enabled=&#8221;0&#8243; global_colors_info=&#8221;{}&#8221; sticky_enabled=&#8221;0&#8243;]<\/p>\n<p>Kallioinen Rent has been part of the company\u2019s business from the very beginning, and with nearly 50 years of experience, we can proudly say we are among the top experts in construction machinery rental. Our locations are in Hyvink\u00e4\u00e4, Espoo, J\u00e4rvenp\u00e4\u00e4, and Valkeakoski.<\/p>\n<p>[\/et_pb_text][et_pb_button button_url=&#8221;@ET-DC@eyJkeW5hbWljIjp0cnVlLCJjb250ZW50IjoicG9zdF9saW5rX3VybF9wYWdlIiwic2V0dGluZ3MiOnsicG9zdF9pZCI6IjEzNzEifX0=@&#8221; button_text=&#8221;Read More&#8221; button_alignment=&#8221;left&#8221; _builder_version=&#8221;4.27.4&#8243; _dynamic_attributes=&#8221;button_url&#8221; hover_enabled=&#8221;0&#8243; global_colors_info=&#8221;{}&#8221; sticky_enabled=&#8221;0&#8243;][\/et_pb_button][\/et_pb_column][et_pb_column type=&#8221;2_5&#8243; _builder_version=&#8221;4.25.0&#8243; background_image=&#8221;https:\/\/kallioinenyhtiot.com\/wp-content\/uploads\/2024\/04\/kallioinen_yhteys.jpg&#8221; global_colors_info=&#8221;{}&#8221;][et_pb_divider show_divider=&#8221;off&#8221; _builder_version=&#8221;4.25.0&#8243; _module_preset=&#8221;default&#8221; min_height=&#8221;200px&#8221; custom_margin_tablet=&#8221;||||false|false&#8221; custom_margin_phone=&#8221;||||false|false&#8221; custom_margin_last_edited=&#8221;on|tablet&#8221; global_colors_info=&#8221;{}&#8221;][\/et_pb_divider][\/et_pb_column][\/et_pb_row][\/et_pb_section][et_pb_section fb_built=&#8221;1&#8243; admin_label=&#8221;Osio&#8221; _builder_version=&#8221;4.27.4&#8243; background_color=&#8221;gcid-43508936-0565-4258-b9b9-165d4cc484fd&#8221; custom_padding=&#8221;7vh||7vh||true|false&#8221; global_colors_info=&#8221;{%22gcid-43508936-0565-4258-b9b9-165d4cc484fd%22:%91%22background_color%22%93}&#8221;][et_pb_row column_structure=&#8221;2_5,3_5&#8243; make_equal=&#8221;on&#8221; _builder_version=&#8221;4.27.4&#8243; max_width=&#8221;2560px&#8221; global_colors_info=&#8221;{}&#8221;][et_pb_column type=&#8221;2_5&#8243; _builder_version=&#8221;4.25.0&#8243; background_image=&#8221;https:\/\/kallioinenyhtiot.com\/wp-content\/uploads\/2024\/04\/kiinteistot.jpg&#8221; global_colors_info=&#8221;{}&#8221;][et_pb_divider show_divider=&#8221;off&#8221; _builder_version=&#8221;4.25.0&#8243; _module_preset=&#8221;default&#8221; min_height=&#8221;200px&#8221; global_colors_info=&#8221;{}&#8221;][\/et_pb_divider][\/et_pb_column][et_pb_column type=&#8221;3_5&#8243; _builder_version=&#8221;4.25.0&#8243; global_colors_info=&#8221;{}&#8221; custom_css_main_element_last_edited=&#8221;on|tablet&#8221; custom_css_main_element_tablet=&#8221;order:2;&#8221; custom_css_main_element_phone=&#8221;order:2;&#8221;][et_pb_text _builder_version=&#8221;4.27.4&#8243; header_font_size=&#8221;34px&#8221; header_2_font=&#8221;|700|||||||&#8221; header_2_text_color=&#8221;#FFFFFF&#8221; header_2_font_size=&#8221;35px&#8221; custom_margin=&#8221;||10px|||&#8221; custom_margin_tablet=&#8221;30px||||false|false&#8221; custom_margin_phone=&#8221;30px||||false|false&#8221; custom_margin_last_edited=&#8221;on|tablet&#8221; hover_enabled=&#8221;0&#8243; header_2_font_size_tablet=&#8221;35px&#8221; header_2_font_size_phone=&#8221;35px&#8221; header_2_font_size_last_edited=&#8221;on|desktop&#8221; global_colors_info=&#8221;{}&#8221; sticky_enabled=&#8221;0&#8243;]<\/p>\n<h2>Real Estate<\/h2>\n<p>[\/et_pb_text][et_pb_text _builder_version=&#8221;4.27.4&#8243; text_text_color=&#8221;#FFFFFF&#8221; header_font_size=&#8221;34px&#8221; header_2_font=&#8221;|300|||||||&#8221; hover_enabled=&#8221;0&#8243; global_colors_info=&#8221;{}&#8221; sticky_enabled=&#8221;0&#8243;]<\/p>\n<p>Kallioinen Yhti\u00f6t Oy specializes in real estate leasing.<br \/>Our portfolio includes 40 different office, retail, and warehouse spaces, all located in areas with excellent transport connections.<\/p>\n<p>[\/et_pb_text][et_pb_button button_url=&#8221;@ET-DC@eyJkeW5hbWljIjp0cnVlLCJjb250ZW50IjoicG9zdF9saW5rX3VybF9wYWdlIiwic2V0dGluZ3MiOnsicG9zdF9pZCI6IjEzNzMifX0=@&#8221; button_text=&#8221;Read More&#8221; button_alignment=&#8221;left&#8221; _builder_version=&#8221;4.27.4&#8243; _dynamic_attributes=&#8221;button_url&#8221; custom_button=&#8221;on&#8221; button_text_color=&#8221;gcid-43508936-0565-4258-b9b9-165d4cc484fd&#8221; button_bg_color=&#8221;#FFFFFF&#8221; button_border_color=&#8221;#FFFFFF&#8221; hover_enabled=&#8221;0&#8243; global_colors_info=&#8221;{%22gcid-43508936-0565-4258-b9b9-165d4cc484fd%22:%91%22button_text_color%22%93}&#8221; button_border_color__hover=&#8221;#FFFFFF&#8221; button_border_color__hover_enabled=&#8221;on|hover&#8221; sticky_enabled=&#8221;0&#8243;][\/et_pb_button][\/et_pb_column][\/et_pb_row][\/et_pb_section]<\/p>\n","protected":false},"excerpt":{"rendered":"<p>ServicesConstruction Machine RentalKallioinen Rent has been part of the company\u2019s business from the very beginning, and with nearly 50 years of experience, we can proudly say we are among the top experts in construction machinery rental. Our locations are in Hyvink\u00e4\u00e4, Espoo, J\u00e4rvenp\u00e4\u00e4, and Valkeakoski.Real EstateKallioinen Yhti\u00f6t Oy specializes in real estate leasing.Our portfolio includes [&hellip;]<\/p>\n","protected":false},"author":2,"featured_media":0,"parent":0,"menu_order":0,"comment_status":"closed","ping_status":"closed","template":"","meta":{"_et_pb_use_builder":"on","_et_pb_old_content":"","_et_gb_content_width":"","footnotes":""},"class_list":["post-1973","page","type-page","status-publish","hentry"],"_links":{"self":[{"href":"https:\/\/kallioinenyhtiot.com\/en\/wp-json\/wp\/v2\/pages\/1973","targetHints":{"allow":["GET"]}}],"collection":[{"href":"https:\/\/kallioinenyhtiot.com\/en\/wp-json\/wp\/v2\/pages"}],"about":[{"href":"https:\/\/kallioinenyhtiot.com\/en\/wp-json\/wp\/v2\/types\/page"}],"author":[{"embeddable":true,"href":"https:\/\/kallioinenyhtiot.com\/en\/wp-json\/wp\/v2\/users\/2"}],"replies":[{"embeddable":true,"href":"https:\/\/kallioinenyhtiot.com\/en\/wp-json\/wp\/v2\/comments?post=1973"}],"version-history":[{"count":5,"href":"https:\/\/kallioinenyhtiot.com\/en\/wp-json\/wp\/v2\/pages\/1973\/revisions"}],"predecessor-version":[{"id":2549,"href":"https:\/\/kallioinenyhtiot.com\/en\/wp-json\/wp\/v2\/pages\/1973\/revisions\/2549"}],"wp:attachment":[{"href":"https:\/\/kallioinenyhtiot.com\/en\/wp-json\/wp\/v2\/media?parent=1973"}],"curies":[{"name":"wp","href":"https:\/\/api.w.org\/{rel}","templated":true}]}}