{"id":1978,"date":"2020-11-25T00:04:49","date_gmt":"2020-11-24T22:04:49","guid":{"rendered":"https:\/\/kallioinen.devnettisivu.net\/yhteystiedot\/"},"modified":"2025-12-03T10:20:48","modified_gmt":"2025-12-03T08:20:48","slug":"contact-information","status":"publish","type":"page","link":"https:\/\/kallioinenyhtiot.com\/en\/contact-information\/","title":{"rendered":"Contact Us"},"content":{"rendered":"<p>[et_pb_section fb_built=&#8221;1&#8243; custom_padding_last_edited=&#8221;on|phone&#8221; admin_label=&#8221;Alasivun otsikko&#8221; _builder_version=&#8221;4.25.0&#8243; background_color=&#8221;gcid-1a5d2122-4131-409c-b339-5f7e2bec986c&#8221; use_background_color_gradient=&#8221;on&#8221; background_color_gradient_stops=&#8221;rgba(4,68,142,0.5) 2%|rgba(2,61,124,0.5) 100%&#8221; background_color_gradient_overlays_image=&#8221;on&#8221; background_image=&#8221;https:\/\/kallioinenyhtiot.com\/wp-content\/uploads\/2024\/04\/kallioinen_cranes_nostopalvelut.jpg&#8221; parallax=&#8221;on&#8221; positioning=&#8221;none&#8221; custom_margin_tablet=&#8221;||||false|false&#8221; custom_margin_phone=&#8221;||||false|false&#8221; custom_margin_last_edited=&#8221;on|phone&#8221; custom_padding=&#8221;9vh||6vh||false|false&#8221; custom_padding_tablet=&#8221;5vh||3vh||false|false&#8221; custom_padding_phone=&#8221;3vh||1vh||false|false&#8221; locked=&#8221;off&#8221; global_colors_info=&#8221;{%22gcid-1a5d2122-4131-409c-b339-5f7e2bec986c%22:%91%22background_color%22%93}&#8221;][et_pb_row _builder_version=&#8221;4.19.5&#8243; global_colors_info=&#8221;{}&#8221;][et_pb_column type=&#8221;4_4&#8243; _builder_version=&#8221;4.16&#8243; global_colors_info=&#8221;{}&#8221;][et_pb_text _builder_version=&#8221;4.25.0&#8243; custom_margin=&#8221;||12px|||&#8221; global_colors_info=&#8221;{}&#8221;]<\/p>\n<h1>Contact Information<\/h1>\n<p>[\/et_pb_text][\/et_pb_column][\/et_pb_row][\/et_pb_section][et_pb_section fb_built=&#8221;1&#8243; admin_label=&#8221;Osio&#8221; _builder_version=&#8221;4.25.0&#8243; background_color=&#8221;gcid-43508936-0565-4258-b9b9-165d4cc484fd&#8221; custom_padding=&#8221;4vh||4vh||true|false&#8221; locked=&#8221;off&#8221; global_colors_info=&#8221;{%22gcid-43508936-0565-4258-b9b9-165d4cc484fd%22:%91%22background_color%22%93}&#8221;][et_pb_row use_custom_gutter=&#8221;on&#8221; gutter_width=&#8221;1.5&#8243; custom_padding_last_edited=&#8221;on|phone&#8221; _builder_version=&#8221;4.25.0&#8243; custom_padding=&#8221;18px||0px|||&#8221; custom_padding_tablet=&#8221;14px||||false|false&#8221; custom_padding_phone=&#8221;13px||||false|false&#8221; custom_css_main_element=&#8221;display: flex;||flex-wrap: wrap;&#8221; global_colors_info=&#8221;{}&#8221;][et_pb_column type=&#8221;4_4&#8243; _builder_version=&#8221;4.16&#8243; global_colors_info=&#8221;{}&#8221;][et_pb_text _builder_version=&#8221;4.25.0&#8243; header_font_size=&#8221;34px&#8221; header_2_font=&#8221;|700|||||||&#8221; header_2_text_color=&#8221;#FFFFFF&#8221; custom_margin=&#8221;||10px|||&#8221; global_colors_info=&#8221;{}&#8221;]<\/p>\n<h2>Contact information by company<\/h2>\n<p>[\/et_pb_text][\/et_pb_column][\/et_pb_row][et_pb_row column_structure=&#8221;1_2,1_2&#8243; use_custom_gutter=&#8221;on&#8221; gutter_width=&#8221;1.5&#8243; custom_padding_last_edited=&#8221;on|phone&#8221; _builder_version=&#8221;4.27.4&#8243; custom_padding=&#8221;18px|||||&#8221; custom_padding_tablet=&#8221;14px||||false|false&#8221; custom_padding_phone=&#8221;13px||||false|false&#8221; hover_enabled=&#8221;0&#8243; custom_css_main_element=&#8221;display: flex;||flex-wrap: wrap;&#8221; locked=&#8221;off&#8221; global_colors_info=&#8221;{}&#8221; sticky_enabled=&#8221;0&#8243;][et_pb_column type=&#8221;1_2&#8243; _builder_version=&#8221;4.27.4&#8243; _module_preset=&#8221;default&#8221; background_color=&#8221;gcid-primary-color&#8221; custom_padding=&#8221;15px|33px|7px|33px|false|true&#8221; link_option_url=&#8221;https:\/\/kallioinenrent.fi\/yhteystiedot\/&#8221; hover_enabled=&#8221;0&#8243; border_radii=&#8221;on|6px|6px|6px|6px&#8221; global_colors_info=&#8221;{%22gcid-primary-color%22:%91%22background_color%22%93,%22gcid-43508936-0565-4258-b9b9-165d4cc484fd%22:%91%22background_color%22%93}&#8221; filter_brightness__hover_enabled=&#8221;on|hover&#8221; filter_brightness__hover=&#8221;120%&#8221; sticky_enabled=&#8221;0&#8243;][et_pb_blurb title=&#8221;Machine rental&#8221; image=&#8221;https:\/\/kallioinenyhtiot.com\/wp-content\/uploads\/2024\/04\/Group-34.png&#8221; icon_placement=&#8221;left&#8221; image_icon_width=&#8221;37px&#8221; image_icon_width_tablet=&#8221;37px&#8221; image_icon_width_phone=&#8221;29px&#8221; image_icon_width_last_edited=&#8221;on|phone&#8221; _builder_version=&#8221;4.27.4&#8243; _module_preset=&#8221;default&#8221; header_font=&#8221;|600|||||||&#8221; header_text_align=&#8221;left&#8221; header_text_color=&#8221;#FFFFFF&#8221; header_font_size=&#8221;22px&#8221; header_line_height=&#8221;1.1em&#8221; background_enable_color=&#8221;off&#8221; width=&#8221;300px&#8221; module_alignment=&#8221;left&#8221; custom_margin=&#8221;||||false|false&#8221; custom_padding=&#8221;||5px||false|true&#8221; hover_enabled=&#8221;0&#8243; header_font_size_tablet=&#8221;22px&#8221; header_font_size_phone=&#8221;19px&#8221; header_font_size_last_edited=&#8221;on|phone&#8221; custom_css_blurb_image=&#8221;-&#8221; custom_css_blurb_title=&#8221;margin-bottom:-7px&#8221; border_radii=&#8221;on|6px|6px|6px|6px&#8221; global_colors_info=&#8221;{%22gcid-43508936-0565-4258-b9b9-165d4cc484fd%22:%91%22header_2_text_color%22,%22background_color%22%93}&#8221; custom_css_blurb_image_last_edited=&#8221;on|desktop&#8221; custom_css_blurb_image_tablet=&#8221;-&#8221; custom_css_blurb_image_phone=&#8221;-&#8221; filter_brightness__hover_enabled=&#8221;on|hover&#8221; filter_brightness__hover=&#8221;120%&#8221; sticky_enabled=&#8221;0&#8243;]<\/p>\n<p>Open rental website &gt;<\/p>\n<p>[\/et_pb_blurb][\/et_pb_column][et_pb_column type=&#8221;1_2&#8243; _builder_version=&#8221;4.25.0&#8243; _dynamic_attributes=&#8221;link_option_url&#8221; _module_preset=&#8221;default&#8221; background_color=&#8221;gcid-primary-color&#8221; custom_padding=&#8221;15px|33px|7px|33px|false|true&#8221; link_option_url=&#8221;@ET-DC@eyJkeW5hbWljIjp0cnVlLCJjb250ZW50IjoicG9zdF9saW5rX3VybF9wYWdlIiwic2V0dGluZ3MiOnsicG9zdF9pZCI6IjE2OTEifX0=@&#8221; border_radii=&#8221;on|6px|6px|6px|6px&#8221; global_colors_info=&#8221;{%22gcid-43508936-0565-4258-b9b9-165d4cc484fd%22:%91%22background_color%22,%22background_color%22,%22background_color%22%93,%22gcid-primary-color%22:%91%22background_color%22%93}&#8221; filter_brightness__hover=&#8221;120%&#8221; filter_brightness__hover_enabled=&#8221;on|hover&#8221;][et_pb_blurb title=&#8221;Real Estate&#8221; use_icon=&#8221;on&#8221; font_icon=&#8221;&#xf64f;||fa||900&#8243; icon_color=&#8221;#FFFFFF&#8221; icon_placement=&#8221;left&#8221; image_icon_width=&#8221;32px&#8221; image_icon_width_tablet=&#8221;31px&#8221; image_icon_width_phone=&#8221;24px&#8221; image_icon_width_last_edited=&#8221;on|phone&#8221; _builder_version=&#8221;4.25.0&#8243; _module_preset=&#8221;default&#8221; header_font=&#8221;|600|||||||&#8221; header_text_align=&#8221;left&#8221; header_text_color=&#8221;#FFFFFF&#8221; header_font_size=&#8221;22px&#8221; header_line_height=&#8221;1.1em&#8221; background_enable_color=&#8221;off&#8221; width=&#8221;300px&#8221; module_alignment=&#8221;left&#8221; custom_margin=&#8221;||||false|false&#8221; custom_padding=&#8221;||||false|true&#8221; header_font_size_tablet=&#8221;22px&#8221; header_font_size_phone=&#8221;19px&#8221; header_font_size_last_edited=&#8221;on|phone&#8221; custom_css_blurb_image=&#8221;-&#8221; custom_css_blurb_title=&#8221;margin-bottom:-7px;&#8221; border_radii=&#8221;on|6px|6px|6px|6px&#8221; global_colors_info=&#8221;{%22gcid-43508936-0565-4258-b9b9-165d4cc484fd%22:%91%22header_2_text_color%22,%22background_color%22,%22header_2_text_color%22,%22background_color%22,%22header_2_text_color%22,%22background_color%22,%22header_2_text_color%22,%22header_2_text_color%22,%22header_2_text_color%22,%22header_2_text_color%22,%22header_2_text_color%22,%22header_2_text_color%22,%22header_2_text_color%22,%22header_2_text_color%22,%22header_2_text_color%22,%22header_2_text_color%22,%22background_color%22,%22header_2_text_color%22,%22background_color%22,%22header_2_text_color%22,%22background_color%22%93,%22gcid-secondary-color%22:%91%22background_color%22%93}&#8221; custom_css_blurb_image_last_edited=&#8221;on|desktop&#8221; custom_css_blurb_image_tablet=&#8221;-&#8221; custom_css_blurb_image_phone=&#8221;-&#8221; filter_brightness__hover=&#8221;120%&#8221; filter_brightness__hover_enabled=&#8221;on|hover&#8221;]<\/p>\n<p>Kallioinen Real Estate<\/p>\n<p>[\/et_pb_blurb][\/et_pb_column][\/et_pb_row][\/et_pb_section][et_pb_section fb_built=&#8221;1&#8243; custom_padding_last_edited=&#8221;on|phone&#8221; admin_label=&#8221;Osio&#8221; module_id=&#8221;yhteys&#8221; _builder_version=&#8221;4.25.0&#8243; custom_padding=&#8221;7vh||7vh||true|false&#8221; custom_padding_tablet=&#8221;5vh||0vh||false|false&#8221; custom_padding_phone=&#8221;4vh||0vh||false|false&#8221; locked=&#8221;off&#8221; global_colors_info=&#8221;{}&#8221;][et_pb_row column_structure=&#8221;1_2,1_2&#8243; custom_padding_last_edited=&#8221;on|phone&#8221; _builder_version=&#8221;4.25.0&#8243; width_tablet=&#8221;100%&#8221; width_phone=&#8221;100%&#8221; width_last_edited=&#8221;on|tablet&#8221; custom_padding=&#8221;||||false|true&#8221; custom_padding_tablet=&#8221;|9.5%||9.5%|false|true&#8221; custom_padding_phone=&#8221;|0%|0px|0%|false|true&#8221; custom_css_main_element=&#8221;-&#8221; global_colors_info=&#8221;{%22gcid-e7d4c215-a8bc-4252-bb98-f09d6c315d3c%22:%91%22background_color%22%93}&#8221;][et_pb_column type=&#8221;1_2&#8243; _builder_version=&#8221;4.25.0&#8243; _module_preset=&#8221;default&#8221; custom_padding=&#8221;||||false|false&#8221; custom_padding_tablet=&#8221;||||false|false&#8221; custom_padding_phone=&#8221;|9.5%||9.5%|false|true&#8221; custom_padding_last_edited=&#8221;on|phone&#8221; global_colors_info=&#8221;{}&#8221;][et_pb_text _builder_version=&#8221;4.25.0&#8243; header_text_align=&#8221;left&#8221; header_font_size=&#8221;34px&#8221; custom_margin=&#8221;||10px|||&#8221; global_colors_info=&#8221;{%22gcid-43508936-0565-4258-b9b9-165d4cc484fd%22:%91%22header_2_text_color%22,%22header_2_text_color%22%93}&#8221;]<\/p>\n<h2>Contact<\/h2>\n<p>[\/et_pb_text][et_pb_text _builder_version=&#8221;4.25.0&#8243; _module_preset=&#8221;default&#8221; global_colors_info=&#8221;{}&#8221;]<\/p>\n<p>Send your questions with form provided.<\/p>\n<p>We will be in touch with you as soon as possible.<\/p>\n<p>[\/et_pb_text][et_pb_blurb use_icon=&#8221;on&#8221; font_icon=&#8221;&#xe076;||divi||400&#8243; icon_color=&#8221;#024f9f&#8221; icon_placement=&#8221;left&#8221; image_icon_width=&#8221;25px&#8221; content_max_width=&#8221;100%&#8221; _builder_version=&#8221;4.25.0&#8243; _module_preset=&#8221;default&#8221; header_level=&#8221;h5&#8243; header_text_align=&#8221;left&#8221; header_font_size=&#8221;21px&#8221; body_font=&#8221;|700|||||||&#8221; body_text_color=&#8221;#024f9f&#8221; body_font_size=&#8221;15px&#8221; body_link_font=&#8221;||||||||&#8221; body_link_font_size=&#8221;15px&#8221; custom_margin=&#8221;||9px|||&#8221; custom_css_blurb_image=&#8221;-&#8221; global_colors_info=&#8221;{%22gcid-43508936-0565-4258-b9b9-165d4cc484fd%22:%91%22header_2_text_color%22,%22icon_color%22%93}&#8221; custom_css_blurb_image_tablet=&#8221;-&#8221; custom_css_blurb_image_phone=&#8221;-&#8220;]<\/p>\n<p><a href=\"mailto:%20asiakaspalvelu@kallioinenyhtiot.com\">asiakaspalvelu@kallioinenyhtiot.com<\/a><\/p>\n<p>[\/et_pb_blurb][et_pb_blurb use_icon=&#8221;on&#8221; font_icon=&#8221;&#xe090;||divi||400&#8243; icon_color=&#8221;#024f9f&#8221; icon_placement=&#8221;left&#8221; image_icon_width=&#8221;25px&#8221; content_max_width=&#8221;100%&#8221; _builder_version=&#8221;4.25.0&#8243; _module_preset=&#8221;default&#8221; header_level=&#8221;h5&#8243; header_text_align=&#8221;left&#8221; header_font_size=&#8221;21px&#8221; body_font=&#8221;|700|||||||&#8221; body_text_color=&#8221;#024f9f&#8221; body_font_size=&#8221;15px&#8221; body_link_font=&#8221;||||||||&#8221; body_link_font_size=&#8221;15px&#8221; custom_margin=&#8221;||9px|||&#8221; custom_css_blurb_image=&#8221;-&#8221; global_colors_info=&#8221;{%22gcid-43508936-0565-4258-b9b9-165d4cc484fd%22:%91%22header_2_text_color%22,%22icon_color%22%93}&#8221; custom_css_blurb_image_tablet=&#8221;-&#8221; custom_css_blurb_image_phone=&#8221;-&#8220;]<\/p>\n<p><a href=\"tel:+35819%20426 6000\">+358 (19) 426 6000<\/a><\/p>\n<p>[\/et_pb_blurb][et_pb_blurb use_icon=&#8221;on&#8221; font_icon=&#8221;&#xf08d;||fa||900&#8243; icon_color=&#8221;gcid-43508936-0565-4258-b9b9-165d4cc484fd&#8221; icon_placement=&#8221;left&#8221; image_icon_width=&#8221;25px&#8221; content_max_width=&#8221;100%&#8221; _builder_version=&#8221;4.25.0&#8243; _module_preset=&#8221;default&#8221; header_level=&#8221;h5&#8243; header_text_align=&#8221;left&#8221; header_font_size=&#8221;21px&#8221; body_font=&#8221;|700|||||||&#8221; body_text_color=&#8221;gcid-43508936-0565-4258-b9b9-165d4cc484fd&#8221; body_font_size=&#8221;15px&#8221; body_link_font=&#8221;|600|||||||&#8221; body_link_font_size=&#8221;15px&#8221; custom_margin=&#8221;||9px|||&#8221; custom_css_blurb_image=&#8221;-&#8221; global_colors_info=&#8221;{%22gcid-43508936-0565-4258-b9b9-165d4cc484fd%22:%91%22header_2_text_color%22,%22icon_color%22,%22body_text_color%22%93}&#8221; custom_css_blurb_image_tablet=&#8221;-&#8221; custom_css_blurb_image_phone=&#8221;-&#8220;]<\/p>\n<p><span>Mets\u00e4mutilantie 1, 05460 Hyvink\u00e4\u00e4<\/span><\/p>\n<p>[\/et_pb_blurb][et_pb_text _builder_version=&#8221;4.25.0&#8243; _module_preset=&#8221;default&#8221; link_font=&#8221;|700|||||||&#8221; custom_margin=&#8221;20px|||||&#8221; global_colors_info=&#8221;{}&#8221;]<\/p>\n<p><span>For urgent matters outside of office hours:<\/span><br \/><a href=\"tel:+358405902343\">+358 40 590 2343<\/a><\/p>\n<p>[\/et_pb_text][\/et_pb_column][et_pb_column type=&#8221;1_2&#8243; _builder_version=&#8221;4.25.0&#8243; _module_preset=&#8221;default&#8221; background_color=&#8221;gcid-43508936-0565-4258-b9b9-165d4cc484fd&#8221; custom_padding=&#8221;30px|30px|30px|30px|true|true&#8221; custom_padding_tablet=&#8221;30px|30px|30px|30px|true|true&#8221; custom_padding_phone=&#8221;|9.5%||9.5%|false|true&#8221; custom_padding_last_edited=&#8221;on|phone&#8221; border_radii=&#8221;on|6px|6px|6px|6px&#8221; border_radii_tablet=&#8221;on|6px|6px|6px|6px&#8221; border_radii_phone=&#8221;on|0px|0px|0px|0px&#8221; border_radii_last_edited=&#8221;on|tablet&#8221; global_colors_info=&#8221;{%22gcid-43508936-0565-4258-b9b9-165d4cc484fd%22:%91%22background_color%22%93}&#8221;][et_pb_heading title=&#8221;Contact Us&#8221; _builder_version=&#8221;4.25.0&#8243; _module_preset=&#8221;default&#8221; title_level=&#8221;h2&#8243; title_font=&#8221;|600|||||||&#8221; title_text_align=&#8221;center&#8221; title_text_color=&#8221;#FFFFFF&#8221; custom_margin=&#8221;||12px|||&#8221; global_colors_info=&#8221;{}&#8221;][\/et_pb_heading][et_pb_contact_form captcha=&#8221;off&#8221; email=&#8221;asiakaspalvelu@kallioinenyhtiot.com&#8221; custom_message=&#8221;Yhteydenotto englanninkieliselt\u00e4 nettisivuilta:||et_pb_line_break_holder||||et_pb_line_break_holder||Vastaanottaja: %%Vastaanottaja%%||et_pb_line_break_holder||||et_pb_line_break_holder||ASIAKKAAN TIEDOT||et_pb_line_break_holder||Nimi: %%Name%%||et_pb_line_break_holder||Puhelin: %%Puhelinnumero%%||et_pb_line_break_holder||S\u00e4hk\u00f6posti: %%Email%%||et_pb_line_break_holder||||et_pb_line_break_holder||Viesti:||et_pb_line_break_holder||%%Message%%&#8221; use_redirect=&#8221;on&#8221; redirect_url=&#8221;https:\/\/kallioinenyhtiot.com\/en\/thank-you-for-getting-in-touch\/&#8221; _builder_version=&#8221;4.27.4&#8243; _unique_id=&#8221;9e0ba8d1-792a-4144-96f3-e7b1b9f20a37&#8243; form_field_background_color=&#8221;#FFFFFF&#8221; form_field_text_color=&#8221;#000000&#8243; custom_button=&#8221;on&#8221; button_text_color=&#8221;gcid-body-color&#8221; button_bg_color=&#8221;gcid-099bff7b-77f3-452e-adc8-16c037829c2f&#8221; button_border_color=&#8221;gcid-099bff7b-77f3-452e-adc8-16c037829c2f&#8221; max_width=&#8221;500px&#8221; module_alignment=&#8221;center&#8221; custom_css_contact_button=&#8221;margin-top:5px;&#8221; border_radii=&#8221;on|3px|3px|3px|3px&#8221; global_module=&#8221;2027&#8243; saved_tabs=&#8221;all&#8221; global_colors_info=&#8221;{%22gcid-099bff7b-77f3-452e-adc8-16c037829c2f%22:%91%22button_bg_color%22,%22button_border_color%22,%22button_bg_color__hover%22,%22button_border_color__hover%22%93,%22gcid-body-color%22:%91%22button_text_color%22%93}&#8221; button_bg_color__hover_enabled=&#8221;on|hover&#8221; button_bg_color__hover=&#8221;#d5ae4e&#8221; button_bg_enable_color__hover=&#8221;on&#8221; button_border_color__hover_enabled=&#8221;on|hover&#8221; button_border_color__hover=&#8221;#d5ae4e&#8221;][et_pb_contact_field field_id=&#8221;Name&#8221; field_title=&#8221;Name&#8221; fullwidth_field=&#8221;on&#8221; _builder_version=&#8221;4.25.0&#8243; global_colors_info=&#8221;{}&#8221; button_text_size__hover_enabled=&#8221;off&#8221; button_one_text_size__hover_enabled=&#8221;off&#8221; button_two_text_size__hover_enabled=&#8221;off&#8221; button_text_color__hover_enabled=&#8221;off&#8221; button_one_text_color__hover_enabled=&#8221;off&#8221; button_two_text_color__hover_enabled=&#8221;off&#8221; button_border_width__hover_enabled=&#8221;off&#8221; button_one_border_width__hover_enabled=&#8221;off&#8221; button_two_border_width__hover_enabled=&#8221;off&#8221; button_border_color__hover_enabled=&#8221;off&#8221; button_one_border_color__hover_enabled=&#8221;off&#8221; button_two_border_color__hover_enabled=&#8221;off&#8221; button_border_radius__hover_enabled=&#8221;off&#8221; button_one_border_radius__hover_enabled=&#8221;off&#8221; button_two_border_radius__hover_enabled=&#8221;off&#8221; button_letter_spacing__hover_enabled=&#8221;off&#8221; button_one_letter_spacing__hover_enabled=&#8221;off&#8221; button_two_letter_spacing__hover_enabled=&#8221;off&#8221; button_bg_color__hover_enabled=&#8221;off&#8221; button_one_bg_color__hover_enabled=&#8221;off&#8221; button_two_bg_color__hover_enabled=&#8221;off&#8221;][\/et_pb_contact_field][et_pb_contact_field field_id=&#8221;Email&#8221; field_title=&#8221;Email&#8221; field_type=&#8221;email&#8221; fullwidth_field=&#8221;on&#8221; _builder_version=&#8221;4.25.0&#8243; global_colors_info=&#8221;{}&#8221; button_text_size__hover_enabled=&#8221;off&#8221; button_one_text_size__hover_enabled=&#8221;off&#8221; button_two_text_size__hover_enabled=&#8221;off&#8221; button_text_color__hover_enabled=&#8221;off&#8221; button_one_text_color__hover_enabled=&#8221;off&#8221; button_two_text_color__hover_enabled=&#8221;off&#8221; button_border_width__hover_enabled=&#8221;off&#8221; button_one_border_width__hover_enabled=&#8221;off&#8221; button_two_border_width__hover_enabled=&#8221;off&#8221; button_border_color__hover_enabled=&#8221;off&#8221; button_one_border_color__hover_enabled=&#8221;off&#8221; button_two_border_color__hover_enabled=&#8221;off&#8221; button_border_radius__hover_enabled=&#8221;off&#8221; button_one_border_radius__hover_enabled=&#8221;off&#8221; button_two_border_radius__hover_enabled=&#8221;off&#8221; button_letter_spacing__hover_enabled=&#8221;off&#8221; button_one_letter_spacing__hover_enabled=&#8221;off&#8221; button_two_letter_spacing__hover_enabled=&#8221;off&#8221; button_bg_color__hover_enabled=&#8221;off&#8221; button_one_bg_color__hover_enabled=&#8221;off&#8221; button_two_bg_color__hover_enabled=&#8221;off&#8221;][\/et_pb_contact_field][et_pb_contact_field field_id=&#8221;Puhelinnumero&#8221; field_title=&#8221;Phone Number&#8221; fullwidth_field=&#8221;on&#8221; _builder_version=&#8221;4.25.0&#8243; global_colors_info=&#8221;{}&#8221;][\/et_pb_contact_field][et_pb_contact_field field_id=&#8221;Vastaanottaja&#8221; field_title=&#8221;Receiver&#8221; field_type=&#8221;select&#8221; select_options=&#8221;%91{%22value%22:%22Kallioinen Rent%22,%22checked%22:0,%22dragID%22:-1},{%22dragID%22:0,%22value%22:%22Kallioinen Real Estate%22,%22checked%22:0}%93&#8243; fullwidth_field=&#8221;on&#8221; _builder_version=&#8221;4.27.4&#8243; _module_preset=&#8221;default&#8221; global_colors_info=&#8221;{}&#8221;][\/et_pb_contact_field][et_pb_contact_field field_id=&#8221;Message&#8221; field_title=&#8221;Message&#8221; field_type=&#8221;text&#8221; fullwidth_field=&#8221;on&#8221; _builder_version=&#8221;4.25.0&#8243; global_colors_info=&#8221;{}&#8221; button_text_size__hover_enabled=&#8221;off&#8221; button_one_text_size__hover_enabled=&#8221;off&#8221; button_two_text_size__hover_enabled=&#8221;off&#8221; button_text_color__hover_enabled=&#8221;off&#8221; button_one_text_color__hover_enabled=&#8221;off&#8221; button_two_text_color__hover_enabled=&#8221;off&#8221; button_border_width__hover_enabled=&#8221;off&#8221; button_one_border_width__hover_enabled=&#8221;off&#8221; button_two_border_width__hover_enabled=&#8221;off&#8221; button_border_color__hover_enabled=&#8221;off&#8221; button_one_border_color__hover_enabled=&#8221;off&#8221; button_two_border_color__hover_enabled=&#8221;off&#8221; button_border_radius__hover_enabled=&#8221;off&#8221; button_one_border_radius__hover_enabled=&#8221;off&#8221; button_two_border_radius__hover_enabled=&#8221;off&#8221; button_letter_spacing__hover_enabled=&#8221;off&#8221; button_one_letter_spacing__hover_enabled=&#8221;off&#8221; button_two_letter_spacing__hover_enabled=&#8221;off&#8221; button_bg_color__hover_enabled=&#8221;off&#8221; button_one_bg_color__hover_enabled=&#8221;off&#8221; button_two_bg_color__hover_enabled=&#8221;off&#8221;][\/et_pb_contact_field][et_pb_contact_field field_id=&#8221;Lupa_2&#8243; field_title=&#8221; &#8221; field_type=&#8221;checkbox&#8221; checkbox_options=&#8221;%91{%22value%22:%22I agree to the processing of my personal data in accordance with the %22,%22checked%22:0,%22dragID%22:-1,%22link_text%22:%22 privacy statement%22,%22link_url%22:%22\/en\/privacy\/%22}%93&#8243; fullwidth_field=&#8221;on&#8221; _builder_version=&#8221;4.25.0&#8243; _module_preset=&#8221;default&#8221; form_field_background_color=&#8221;gcid-099bff7b-77f3-452e-adc8-16c037829c2f&#8221; form_field_text_color=&#8221;#FFFFFF&#8221; custom_css_main_element=&#8221;color:white;&#8221; global_colors_info=&#8221;{%22gcid-099bff7b-77f3-452e-adc8-16c037829c2f%22:%91%22form_field_background_color%22%93}&#8221;][\/et_pb_contact_field][\/et_pb_contact_form][\/et_pb_column][\/et_pb_row][\/et_pb_section][et_pb_section fb_built=&#8221;1&#8243; _builder_version=&#8221;4.25.0&#8243; _module_preset=&#8221;default&#8221; custom_padding=&#8221;0px||0px||false|false&#8221;][et_pb_row _builder_version=&#8221;4.25.0&#8243; _module_preset=&#8221;default&#8221; width=&#8221;100%&#8221; max_width=&#8221;2560px&#8221; custom_padding=&#8221;0px||0px|||&#8221; global_colors_info=&#8221;{}&#8221;][et_pb_column type=&#8221;4_4&#8243; _builder_version=&#8221;4.25.0&#8243; _module_preset=&#8221;default&#8221; global_colors_info=&#8221;{}&#8221;][et_pb_code _builder_version=&#8221;4.25.0&#8243; _module_preset=&#8221;default&#8221; global_colors_info=&#8221;{}&#8221;]<\/p>\n<div class=\"mapouter\">\n<div class=\"gmap_canvas\"><iframe loading=\"lazy\" width=\"100%\" height=\"300\" id=\"gmap_canvas\" src=\"https:\/\/maps.google.com\/maps?q=Mets%C3%A4mutilantie%201,%2005460%20Hyvink%C3%A4%C3%A4&#038;t=&#038;z=13&#038;ie=UTF8&#038;iwloc=&#038;output=embed\" frameborder=\"0\" scrolling=\"no\" marginheight=\"0\" marginwidth=\"0\"><\/iframe><!\u2013- [et_pb_br_holder] -\u2013><\/p>\n<style>.mapouter{position:relative;text-align:right;height:300px;width:100%;}<\/style>\n<p><a href=\"https:\/\/www.embedgooglemap.net\">embed google map on website<\/a><\/p>\n<style>.gmap_canvas {overflow:hidden;background:none!important;height:300px;width:100%;}<\/style>\n<\/div>\n<\/div>\n<p>[\/et_pb_code][\/et_pb_column][\/et_pb_row][\/et_pb_section]<\/p>\n","protected":false},"excerpt":{"rendered":"<p>Contact InformationContact information by companyOpen rental website &gt;Kallioinen Real EstateContactSend your questions with form provided. We will be in touch with you as soon as possible.asiakaspalvelu@kallioinenyhtiot.com+358 (19) 426 6000Mets\u00e4mutilantie 1, 05460 Hyvink\u00e4\u00e4For urgent matters outside of office hours:+358 40 590 2343<\/p>\n","protected":false},"author":2,"featured_media":0,"parent":0,"menu_order":0,"comment_status":"closed","ping_status":"closed","template":"","meta":{"_et_pb_use_builder":"on","_et_pb_old_content":"","_et_gb_content_width":"","footnotes":""},"class_list":["post-1978","page","type-page","status-publish","hentry"],"_links":{"self":[{"href":"https:\/\/kallioinenyhtiot.com\/en\/wp-json\/wp\/v2\/pages\/1978","targetHints":{"allow":["GET"]}}],"collection":[{"href":"https:\/\/kallioinenyhtiot.com\/en\/wp-json\/wp\/v2\/pages"}],"about":[{"href":"https:\/\/kallioinenyhtiot.com\/en\/wp-json\/wp\/v2\/types\/page"}],"author":[{"embeddable":true,"href":"https:\/\/kallioinenyhtiot.com\/en\/wp-json\/wp\/v2\/users\/2"}],"replies":[{"embeddable":true,"href":"https:\/\/kallioinenyhtiot.com\/en\/wp-json\/wp\/v2\/comments?post=1978"}],"version-history":[{"count":9,"href":"https:\/\/kallioinenyhtiot.com\/en\/wp-json\/wp\/v2\/pages\/1978\/revisions"}],"predecessor-version":[{"id":2625,"href":"https:\/\/kallioinenyhtiot.com\/en\/wp-json\/wp\/v2\/pages\/1978\/revisions\/2625"}],"wp:attachment":[{"href":"https:\/\/kallioinenyhtiot.com\/en\/wp-json\/wp\/v2\/media?parent=1978"}],"curies":[{"name":"wp","href":"https:\/\/api.w.org\/{rel}","templated":true}]}}