{"id":1982,"date":"2020-11-25T00:20:48","date_gmt":"2020-11-24T22:20:48","guid":{"rendered":"https:\/\/kallioinen.devnettisivu.net\/kallioinen-konserni\/"},"modified":"2025-08-12T14:05:24","modified_gmt":"2025-08-12T12:05:24","slug":"kallioinen-group","status":"publish","type":"page","link":"https:\/\/kallioinenyhtiot.com\/en\/kallioinen-group\/","title":{"rendered":"Kallioinen Group"},"content":{"rendered":"<p>[et_pb_section fb_built=&#8221;1&#8243; custom_padding_last_edited=&#8221;on|phone&#8221; admin_label=&#8221;Alasivun otsikko&#8221; _builder_version=&#8221;4.25.0&#8243; background_color=&#8221;gcid-1a5d2122-4131-409c-b339-5f7e2bec986c&#8221; use_background_color_gradient=&#8221;on&#8221; background_color_gradient_stops=&#8221;rgba(4,68,142,0.5) 2%|rgba(2,61,124,0.5) 100%&#8221; background_color_gradient_overlays_image=&#8221;on&#8221; background_image=&#8221;https:\/\/kallioinenyhtiot.com\/wp-content\/uploads\/2024\/04\/img019.jpg&#8221; parallax=&#8221;on&#8221; background_video_mp4=&#8221;https:\/\/kallioinenyhtiot.com\/wp-content\/uploads\/2024\/04\/Sequence-01.mp4&#8243; positioning=&#8221;none&#8221; custom_margin_tablet=&#8221;||||false|false&#8221; custom_margin_phone=&#8221;||||false|false&#8221; custom_margin_last_edited=&#8221;on|phone&#8221; custom_padding=&#8221;9vh||6vh||false|false&#8221; custom_padding_tablet=&#8221;5vh||3vh||false|false&#8221; custom_padding_phone=&#8221;3vh||1vh||false|false&#8221; locked=&#8221;off&#8221; global_colors_info=&#8221;{%22gcid-1a5d2122-4131-409c-b339-5f7e2bec986c%22:%91%22background_color%22%93}&#8221;][et_pb_row _builder_version=&#8221;4.19.5&#8243; global_colors_info=&#8221;{}&#8221;][et_pb_column type=&#8221;4_4&#8243; _builder_version=&#8221;4.16&#8243; global_colors_info=&#8221;{}&#8221;][et_pb_text _builder_version=&#8221;4.25.0&#8243; custom_margin=&#8221;||12px|||&#8221; global_colors_info=&#8221;{}&#8221;]<\/p>\n<h1>Kallioinen Group<\/h1>\n<p>[\/et_pb_text][\/et_pb_column][\/et_pb_row][\/et_pb_section][et_pb_section fb_built=&#8221;1&#8243; admin_label=&#8221;Osio&#8221; _builder_version=&#8221;4.25.0&#8243; background_color=&#8221;gcid-43508936-0565-4258-b9b9-165d4cc484fd&#8221; custom_padding=&#8221;4vh||4vh||true|false&#8221; locked=&#8221;off&#8221; global_colors_info=&#8221;{%22gcid-43508936-0565-4258-b9b9-165d4cc484fd%22:%91%22background_color%22%93}&#8221;][et_pb_row make_equal=&#8221;on&#8221; _builder_version=&#8221;4.27.4&#8243; custom_padding=&#8221;15px|||||&#8221; hover_enabled=&#8221;0&#8243; global_colors_info=&#8221;{}&#8221; sticky_enabled=&#8221;0&#8243;][et_pb_column type=&#8221;4_4&#8243; _builder_version=&#8221;4.16&#8243; global_colors_info=&#8221;{}&#8221;][et_pb_text _builder_version=&#8221;4.27.4&#8243; header_font_size=&#8221;34px&#8221; header_2_font=&#8221;|700|||||||&#8221; header_2_text_color=&#8221;#FFFFFF&#8221; custom_margin=&#8221;||10px|||&#8221; hover_enabled=&#8221;0&#8243; global_colors_info=&#8221;{}&#8221; header_3_text_color=&#8221;#FFFFFF&#8221; header_3_font=&#8221;|700|||||||&#8221; sticky_enabled=&#8221;0&#8243;]<\/p>\n<h2>Kallioinen Yhti\u00f6t \u2013 A Reliable Partner for Construction and Business Premises<\/h2>\n<p>[\/et_pb_text][et_pb_text _builder_version=&#8221;4.27.4&#8243; text_text_color=&#8221;#FFFFFF&#8221; header_font_size=&#8221;34px&#8221; header_2_font=&#8221;|300|||||||&#8221; hover_enabled=&#8221;0&#8243; global_colors_info=&#8221;{}&#8221; sticky_enabled=&#8221;0&#8243;]<\/p>\n<p>Kallioinen Yhti\u00f6t is a Finnish family-owned company with roots dating back to 1973, when founder Veijo Kallioinen began earthmoving work.<\/p>\n<p>Over the decades, Kallioinen has grown into a customer-oriented operator with two strong business areas: construction equipment rental and real estate leasing.<\/p>\n<p>[\/et_pb_text][\/et_pb_column][\/et_pb_row][\/et_pb_section][et_pb_section fb_built=&#8221;1&#8243; admin_label=&#8221;Osio&#8221; _builder_version=&#8221;4.25.0&#8243; custom_padding=&#8221;7vh||7vh||true|false&#8221;][et_pb_row column_structure=&#8221;3_5,2_5&#8243; _builder_version=&#8221;4.20.4&#8243; max_width=&#8221;2560px&#8221; global_colors_info=&#8221;{}&#8221;][et_pb_column type=&#8221;3_5&#8243; _builder_version=&#8221;4.16&#8243; global_colors_info=&#8221;{}&#8221;][et_pb_text _builder_version=&#8221;4.27.4&#8243; header_font_size=&#8221;34px&#8221; custom_margin=&#8221;||10px|||&#8221; hover_enabled=&#8221;0&#8243; global_colors_info=&#8221;{%22gcid-43508936-0565-4258-b9b9-165d4cc484fd%22:%91%22header_2_text_color%22,%22header_2_text_color%22%93}&#8221; sticky_enabled=&#8221;0&#8243;]<\/p>\n<h2>Our Services today<\/h2>\n<p>[\/et_pb_text][et_pb_text _builder_version=&#8221;4.27.4&#8243; header_font_size=&#8221;34px&#8221; header_2_font=&#8221;|300|||||||&#8221; hover_enabled=&#8221;0&#8243; global_colors_info=&#8221;{}&#8221; sticky_enabled=&#8221;0&#8243;]<\/p>\n<ul>\n<li data-start=\"53\" data-end=\"284\"><strong data-start=\"53\" data-end=\"86\">Construction Equipment Rental<\/strong><br data-start=\"86\" data-end=\"89\" \/>We offer our customers smooth and flexible service for a wide range of construction sites. From us, you can get machinery for every stage of construction \u2013 always accompanied by expert service.<\/li>\n<li data-start=\"286\" data-end=\"449\"><strong data-start=\"286\" data-end=\"309\">Real Estate Leasing<\/strong><br data-start=\"309\" data-end=\"312\" \/>We provide functional business premises tailored to various customer needs and develop our properties with our tenants\u2019 wishes in mind.<\/li>\n<\/ul>\n<p data-start=\"451\" data-end=\"562\">Good and straightforward service is a matter of pride for us \u2013 and that\u2019s why our customers keep coming back.<\/p>\n<p>[\/et_pb_text][et_pb_text _builder_version=&#8221;4.25.0&#8243; header_font_size=&#8221;34px&#8221; header_3_font=&#8221;|700|||||||&#8221; custom_margin=&#8221;||10px|||&#8221; global_colors_info=&#8221;{%22gcid-43508936-0565-4258-b9b9-165d4cc484fd%22:%91%22header_2_text_color%22,%22header_2_text_color%22%93}&#8221;]<\/p>\n<h3>Facts:<\/h3>\n<p>[\/et_pb_text][et_pb_blurb use_icon=&#8221;on&#8221; font_icon=&#8221;&#x5e;||divi||400&#8243; icon_color=&#8221;gcid-099bff7b-77f3-452e-adc8-16c037829c2f&#8221; icon_placement=&#8221;left&#8221; image_icon_width=&#8221;28px&#8221; content_max_width=&#8221;100%&#8221; _builder_version=&#8221;4.27.4&#8243; _module_preset=&#8221;default&#8221; header_font=&#8221;||||||||&#8221; header_text_align=&#8221;left&#8221; header_font_size=&#8221;21px&#8221; body_font=&#8221;|700|||||||&#8221; custom_margin=&#8221;||6px|||&#8221; hover_enabled=&#8221;0&#8243; custom_css_blurb_image=&#8221;-&#8221; locked=&#8221;off&#8221; global_colors_info=&#8221;{%22gcid-43508936-0565-4258-b9b9-165d4cc484fd%22:%91%22header_2_text_color%22,%22header_2_text_color%22%93,%22gcid-099bff7b-77f3-452e-adc8-16c037829c2f%22:%91%22icon_color%22%93}&#8221; custom_css_blurb_image_tablet=&#8221;-&#8221; custom_css_blurb_image_last_edited=&#8221;on|desktop&#8221; custom_css_blurb_image_phone=&#8221;-&#8221; sticky_enabled=&#8221;0&#8243;]<\/p>\n<p>Personnel: 30<\/p>\n<p>[\/et_pb_blurb][et_pb_blurb use_icon=&#8221;on&#8221; font_icon=&#8221;&#x5e;||divi||400&#8243; icon_color=&#8221;gcid-099bff7b-77f3-452e-adc8-16c037829c2f&#8221; icon_placement=&#8221;left&#8221; image_icon_width=&#8221;28px&#8221; content_max_width=&#8221;100%&#8221; _builder_version=&#8221;4.27.4&#8243; _module_preset=&#8221;default&#8221; header_font=&#8221;||||||||&#8221; header_text_align=&#8221;left&#8221; header_font_size=&#8221;21px&#8221; body_font=&#8221;|700|||||||&#8221; custom_margin=&#8221;||6px|||&#8221; hover_enabled=&#8221;0&#8243; custom_css_blurb_image=&#8221;-&#8221; locked=&#8221;off&#8221; global_colors_info=&#8221;{%22gcid-43508936-0565-4258-b9b9-165d4cc484fd%22:%91%22header_2_text_color%22,%22header_2_text_color%22,%22header_2_text_color%22,%22header_2_text_color%22%93,%22gcid-099bff7b-77f3-452e-adc8-16c037829c2f%22:%91%22icon_color%22,%22icon_color%22%93}&#8221; custom_css_blurb_image_tablet=&#8221;-&#8221; custom_css_blurb_image_last_edited=&#8221;on|desktop&#8221; custom_css_blurb_image_phone=&#8221;-&#8221; sticky_enabled=&#8221;0&#8243;]<\/p>\n<p>Turnover: 11M\u20ac<\/p>\n<p>[\/et_pb_blurb][et_pb_blurb use_icon=&#8221;on&#8221; font_icon=&#8221;&#x5e;||divi||400&#8243; icon_color=&#8221;gcid-099bff7b-77f3-452e-adc8-16c037829c2f&#8221; icon_placement=&#8221;left&#8221; image_icon_width=&#8221;28px&#8221; content_max_width=&#8221;100%&#8221; _builder_version=&#8221;4.25.0&#8243; _module_preset=&#8221;default&#8221; header_font=&#8221;||||||||&#8221; header_text_align=&#8221;left&#8221; header_font_size=&#8221;21px&#8221; body_font=&#8221;|700|||||||&#8221; custom_margin=&#8221;||6px|||&#8221; custom_css_blurb_image=&#8221;-&#8221; locked=&#8221;off&#8221; global_colors_info=&#8221;{%22gcid-43508936-0565-4258-b9b9-165d4cc484fd%22:%91%22header_2_text_color%22,%22header_2_text_color%22,%22header_2_text_color%22,%22header_2_text_color%22%93,%22gcid-099bff7b-77f3-452e-adc8-16c037829c2f%22:%91%22icon_color%22,%22icon_color%22%93}&#8221; custom_css_blurb_image_tablet=&#8221;-&#8221; custom_css_blurb_image_last_edited=&#8221;on|desktop&#8221; custom_css_blurb_image_phone=&#8221;-&#8220;]<\/p>\n<p>Fleet: 3000 machines or equipment<\/p>\n<p>[\/et_pb_blurb][et_pb_blurb use_icon=&#8221;on&#8221; font_icon=&#8221;&#x5e;||divi||400&#8243; icon_color=&#8221;gcid-099bff7b-77f3-452e-adc8-16c037829c2f&#8221; icon_placement=&#8221;left&#8221; image_icon_width=&#8221;28px&#8221; content_max_width=&#8221;100%&#8221; _builder_version=&#8221;4.27.4&#8243; _module_preset=&#8221;default&#8221; header_font=&#8221;||||||||&#8221; header_text_align=&#8221;left&#8221; header_font_size=&#8221;21px&#8221; body_font=&#8221;|700|||||||&#8221; custom_margin=&#8221;||6px|||&#8221; hover_enabled=&#8221;0&#8243; custom_css_blurb_image=&#8221;-&#8221; locked=&#8221;off&#8221; global_colors_info=&#8221;{%22gcid-43508936-0565-4258-b9b9-165d4cc484fd%22:%91%22header_2_text_color%22,%22header_2_text_color%22,%22header_2_text_color%22,%22header_2_text_color%22%93,%22gcid-099bff7b-77f3-452e-adc8-16c037829c2f%22:%91%22icon_color%22,%22icon_color%22%93}&#8221; custom_css_blurb_image_tablet=&#8221;-&#8221; custom_css_blurb_image_last_edited=&#8221;on|desktop&#8221; custom_css_blurb_image_phone=&#8221;-&#8221; sticky_enabled=&#8221;0&#8243;]<\/p>\n<p>Number of properties: approx. 50 properties in Southern Finland<\/p>\n<p>[\/et_pb_blurb][\/et_pb_column][et_pb_column type=&#8221;2_5&#8243; _builder_version=&#8221;4.20.4&#8243; global_colors_info=&#8221;{}&#8221;][et_pb_image src=&#8221;https:\/\/kallioinenyhtiot.com\/wp-content\/uploads\/2024\/04\/kallioinen_nosturi.jpg&#8221; alt=&#8221;man and woman laughing while sitting in front of laptops&#8221; title_text=&#8221;kallioinen_nosturi&#8221; _builder_version=&#8221;4.25.0&#8243; global_colors_info=&#8221;{}&#8221;][\/et_pb_image][\/et_pb_column][\/et_pb_row][\/et_pb_section][et_pb_section fb_built=&#8221;1&#8243; admin_label=&#8221;Osio&#8221; _builder_version=&#8221;4.25.0&#8243; background_color=&#8221;gcid-43508936-0565-4258-b9b9-165d4cc484fd&#8221; custom_padding=&#8221;3vh||3vh||true|false&#8221; global_colors_info=&#8221;{%22gcid-43508936-0565-4258-b9b9-165d4cc484fd%22:%91%22background_color%22%93}&#8221;][et_pb_row _builder_version=&#8221;4.20.4&#8243; max_width=&#8221;2560px&#8221; global_colors_info=&#8221;{}&#8221;][et_pb_column type=&#8221;4_4&#8243; _builder_version=&#8221;4.16&#8243; global_colors_info=&#8221;{}&#8221;][et_pb_text _builder_version=&#8221;4.25.0&#8243; header_font_size=&#8221;34px&#8221; header_2_text_color=&#8221;#FFFFFF&#8221; custom_margin=&#8221;||10px|||&#8221; custom_padding=&#8221;||11px|||&#8221; global_colors_info=&#8221;{}&#8221;]<\/p>\n<h2>Photos from the journey<\/h2>\n<p>[\/et_pb_text][et_pb_gallery gallery_ids=&#8221;1674,1675&#8243; posts_number=&#8221;60&#8243; show_title_and_caption=&#8221;off&#8221; show_pagination=&#8221;off&#8221; zoom_icon_color=&#8221;gcid-43508936-0565-4258-b9b9-165d4cc484fd&#8221; _builder_version=&#8221;4.25.0&#8243; _module_preset=&#8221;default&#8221; custom_margin=&#8221;||16px|||&#8221; global_colors_info=&#8221;{%22gcid-43508936-0565-4258-b9b9-165d4cc484fd%22:%91%22zoom_icon_color%22%93}&#8221;][\/et_pb_gallery][\/et_pb_column][\/et_pb_row][\/et_pb_section][et_pb_section fb_built=&#8221;1&#8243; custom_padding_last_edited=&#8221;on|phone&#8221; admin_label=&#8221;Osio&#8221; _builder_version=&#8221;4.25.0&#8243; background_color=&#8221;gcid-d39821b6-1a81-4642-8a2c-3e56d09ce01d&#8221; custom_padding=&#8221;7vh||7vh||true|false&#8221; custom_padding_tablet=&#8221;5vh||0vh||false|false&#8221; custom_padding_phone=&#8221;4vh||0vh||false|false&#8221; locked=&#8221;off&#8221; global_colors_info=&#8221;{%22gcid-d39821b6-1a81-4642-8a2c-3e56d09ce01d%22:%91%22background_color%22%93}&#8221;][et_pb_row column_structure=&#8221;1_2,1_2&#8243; custom_padding_last_edited=&#8221;on|phone&#8221; _builder_version=&#8221;4.25.0&#8243; width_tablet=&#8221;100%&#8221; width_phone=&#8221;100%&#8221; width_last_edited=&#8221;on|tablet&#8221; custom_padding=&#8221;||||false|true&#8221; custom_padding_tablet=&#8221;|9.5%||9.5%|false|true&#8221; custom_padding_phone=&#8221;|0%|0px|0%|false|true&#8221; custom_css_main_element=&#8221;-&#8221; global_colors_info=&#8221;{%22gcid-e7d4c215-a8bc-4252-bb98-f09d6c315d3c%22:%91%22background_color%22%93}&#8221;][et_pb_column type=&#8221;1_2&#8243; _builder_version=&#8221;4.25.0&#8243; _module_preset=&#8221;default&#8221; custom_padding=&#8221;||||false|false&#8221; custom_padding_tablet=&#8221;||||false|false&#8221; custom_padding_phone=&#8221;|9.5%||9.5%|false|true&#8221; custom_padding_last_edited=&#8221;on|phone&#8221; global_colors_info=&#8221;{}&#8221;][et_pb_text _builder_version=&#8221;4.25.0&#8243; header_text_align=&#8221;left&#8221; header_font_size=&#8221;34px&#8221; custom_margin=&#8221;||10px|||&#8221; global_colors_info=&#8221;{%22gcid-43508936-0565-4258-b9b9-165d4cc484fd%22:%91%22header_2_text_color%22,%22header_2_text_color%22%93}&#8221;]<\/p>\n<h2>Contact<\/h2>\n<p>[\/et_pb_text][et_pb_text _builder_version=&#8221;4.25.0&#8243; _module_preset=&#8221;default&#8221; global_colors_info=&#8221;{}&#8221;]<\/p>\n<p>Send your questions with form provided.<\/p>\n<p>We will be in touch with you as soon as possible.<\/p>\n<p>[\/et_pb_text][et_pb_blurb use_icon=&#8221;on&#8221; font_icon=&#8221;&#xe076;||divi||400&#8243; icon_color=&#8221;#024f9f&#8221; icon_placement=&#8221;left&#8221; image_icon_width=&#8221;25px&#8221; content_max_width=&#8221;100%&#8221; _builder_version=&#8221;4.25.0&#8243; _module_preset=&#8221;default&#8221; header_level=&#8221;h5&#8243; header_text_align=&#8221;left&#8221; header_font_size=&#8221;21px&#8221; body_font=&#8221;|700|||||||&#8221; body_text_color=&#8221;#024f9f&#8221; body_font_size=&#8221;15px&#8221; body_link_font=&#8221;||||||||&#8221; body_link_font_size=&#8221;15px&#8221; custom_margin=&#8221;||9px|||&#8221; custom_css_blurb_image=&#8221;-&#8221; global_colors_info=&#8221;{%22gcid-43508936-0565-4258-b9b9-165d4cc484fd%22:%91%22header_2_text_color%22,%22icon_color%22%93}&#8221; custom_css_blurb_image_tablet=&#8221;-&#8221; custom_css_blurb_image_phone=&#8221;-&#8220;]<\/p>\n<p><a href=\"mailto:%20asiakaspalvelu@kallioinenyhtiot.com\">asiakaspalvelu@kallioinenyhtiot.com<\/a><\/p>\n<p>[\/et_pb_blurb][et_pb_blurb use_icon=&#8221;on&#8221; font_icon=&#8221;&#xe090;||divi||400&#8243; icon_color=&#8221;#024f9f&#8221; icon_placement=&#8221;left&#8221; image_icon_width=&#8221;25px&#8221; content_max_width=&#8221;100%&#8221; _builder_version=&#8221;4.25.0&#8243; _module_preset=&#8221;default&#8221; header_level=&#8221;h5&#8243; header_text_align=&#8221;left&#8221; header_font_size=&#8221;21px&#8221; body_font=&#8221;|700|||||||&#8221; body_text_color=&#8221;#024f9f&#8221; body_font_size=&#8221;15px&#8221; body_link_font=&#8221;||||||||&#8221; body_link_font_size=&#8221;15px&#8221; custom_margin=&#8221;||9px|||&#8221; custom_css_blurb_image=&#8221;-&#8221; global_colors_info=&#8221;{%22gcid-43508936-0565-4258-b9b9-165d4cc484fd%22:%91%22header_2_text_color%22,%22icon_color%22%93}&#8221; custom_css_blurb_image_tablet=&#8221;-&#8221; custom_css_blurb_image_phone=&#8221;-&#8220;]<\/p>\n<p><a href=\"tel:+35819%20426 6000\">+358 (19) 426 6000<\/a><\/p>\n<p>[\/et_pb_blurb][et_pb_blurb use_icon=&#8221;on&#8221; font_icon=&#8221;&#xf08d;||fa||900&#8243; icon_color=&#8221;gcid-43508936-0565-4258-b9b9-165d4cc484fd&#8221; icon_placement=&#8221;left&#8221; image_icon_width=&#8221;25px&#8221; content_max_width=&#8221;100%&#8221; _builder_version=&#8221;4.25.0&#8243; _module_preset=&#8221;default&#8221; header_level=&#8221;h5&#8243; header_text_align=&#8221;left&#8221; header_font_size=&#8221;21px&#8221; body_font=&#8221;|700|||||||&#8221; body_text_color=&#8221;gcid-43508936-0565-4258-b9b9-165d4cc484fd&#8221; body_font_size=&#8221;15px&#8221; body_link_font=&#8221;|600|||||||&#8221; body_link_font_size=&#8221;15px&#8221; custom_margin=&#8221;||9px|||&#8221; custom_css_blurb_image=&#8221;-&#8221; global_colors_info=&#8221;{%22gcid-43508936-0565-4258-b9b9-165d4cc484fd%22:%91%22header_2_text_color%22,%22icon_color%22,%22body_text_color%22%93}&#8221; custom_css_blurb_image_tablet=&#8221;-&#8221; custom_css_blurb_image_phone=&#8221;-&#8220;]<\/p>\n<p><span>Mets\u00e4mutilantie 1, 05460 Hyvink\u00e4\u00e4<\/span><\/p>\n<p>[\/et_pb_blurb][\/et_pb_column][et_pb_column type=&#8221;1_2&#8243; _builder_version=&#8221;4.25.0&#8243; _module_preset=&#8221;default&#8221; background_color=&#8221;gcid-43508936-0565-4258-b9b9-165d4cc484fd&#8221; custom_padding=&#8221;30px|30px|30px|30px|true|true&#8221; custom_padding_tablet=&#8221;30px|30px|30px|30px|true|true&#8221; custom_padding_phone=&#8221;|9.5%||9.5%|false|true&#8221; custom_padding_last_edited=&#8221;on|phone&#8221; border_radii=&#8221;on|6px|6px|6px|6px&#8221; border_radii_tablet=&#8221;on|6px|6px|6px|6px&#8221; border_radii_phone=&#8221;on|0px|0px|0px|0px&#8221; border_radii_last_edited=&#8221;on|tablet&#8221; global_colors_info=&#8221;{%22gcid-43508936-0565-4258-b9b9-165d4cc484fd%22:%91%22background_color%22%93}&#8221;][et_pb_heading title=&#8221;Contact Us&#8221; _builder_version=&#8221;4.25.0&#8243; _module_preset=&#8221;default&#8221; title_level=&#8221;h2&#8243; title_font=&#8221;|600|||||||&#8221; title_text_align=&#8221;center&#8221; title_text_color=&#8221;#FFFFFF&#8221; custom_margin=&#8221;||12px|||&#8221; global_colors_info=&#8221;{}&#8221;][\/et_pb_heading][et_pb_contact_form captcha=&#8221;off&#8221; email=&#8221;asiakaspalvelu@kallioinenyhtiot.com&#8221; custom_message=&#8221;Yhteydenotto englanninkieliselt\u00e4 nettisivuilta:||et_pb_line_break_holder||||et_pb_line_break_holder||Vastaanottaja: %%Vastaanottaja%%||et_pb_line_break_holder||||et_pb_line_break_holder||ASIAKKAAN TIEDOT||et_pb_line_break_holder||Nimi: %%Name%%||et_pb_line_break_holder||Puhelin: %%Puhelinnumero%%||et_pb_line_break_holder||S\u00e4hk\u00f6posti: %%Email%%||et_pb_line_break_holder||||et_pb_line_break_holder||Viesti:||et_pb_line_break_holder||%%Message%%&#8221; _builder_version=&#8221;4.27.4&#8243; _unique_id=&#8221;9e0ba8d1-792a-4144-96f3-e7b1b9f20a37&#8243; form_field_background_color=&#8221;#FFFFFF&#8221; form_field_text_color=&#8221;#000000&#8243; custom_button=&#8221;on&#8221; button_text_color=&#8221;gcid-body-color&#8221; button_bg_color=&#8221;gcid-099bff7b-77f3-452e-adc8-16c037829c2f&#8221; button_border_color=&#8221;gcid-099bff7b-77f3-452e-adc8-16c037829c2f&#8221; max_width=&#8221;500px&#8221; module_alignment=&#8221;center&#8221; hover_enabled=&#8221;0&#8243; custom_css_contact_button=&#8221;margin-top:5px;&#8221; border_radii=&#8221;on|3px|3px|3px|3px&#8221; global_module=&#8221;2027&#8243; saved_tabs=&#8221;all&#8221; global_colors_info=&#8221;{%22gcid-099bff7b-77f3-452e-adc8-16c037829c2f%22:%91%22button_bg_color%22,%22button_border_color%22,%22button_bg_color__hover%22,%22button_border_color__hover%22%93,%22gcid-body-color%22:%91%22button_text_color%22%93}&#8221; button_bg_color__hover_enabled=&#8221;on|hover&#8221; button_bg_color__hover=&#8221;#d5ae4e&#8221; button_bg_enable_color__hover=&#8221;on&#8221; button_border_color__hover_enabled=&#8221;on|hover&#8221; button_border_color__hover=&#8221;#d5ae4e&#8221; sticky_enabled=&#8221;0&#8243;][et_pb_contact_field field_id=&#8221;Name&#8221; field_title=&#8221;Name&#8221; fullwidth_field=&#8221;on&#8221; _builder_version=&#8221;4.25.0&#8243; global_colors_info=&#8221;{}&#8221; button_text_size__hover_enabled=&#8221;off&#8221; button_one_text_size__hover_enabled=&#8221;off&#8221; button_two_text_size__hover_enabled=&#8221;off&#8221; button_text_color__hover_enabled=&#8221;off&#8221; button_one_text_color__hover_enabled=&#8221;off&#8221; button_two_text_color__hover_enabled=&#8221;off&#8221; button_border_width__hover_enabled=&#8221;off&#8221; button_one_border_width__hover_enabled=&#8221;off&#8221; button_two_border_width__hover_enabled=&#8221;off&#8221; button_border_color__hover_enabled=&#8221;off&#8221; button_one_border_color__hover_enabled=&#8221;off&#8221; button_two_border_color__hover_enabled=&#8221;off&#8221; button_border_radius__hover_enabled=&#8221;off&#8221; button_one_border_radius__hover_enabled=&#8221;off&#8221; button_two_border_radius__hover_enabled=&#8221;off&#8221; button_letter_spacing__hover_enabled=&#8221;off&#8221; button_one_letter_spacing__hover_enabled=&#8221;off&#8221; button_two_letter_spacing__hover_enabled=&#8221;off&#8221; button_bg_color__hover_enabled=&#8221;off&#8221; button_one_bg_color__hover_enabled=&#8221;off&#8221; button_two_bg_color__hover_enabled=&#8221;off&#8221;][\/et_pb_contact_field][et_pb_contact_field field_id=&#8221;Email&#8221; field_title=&#8221;Email&#8221; field_type=&#8221;email&#8221; fullwidth_field=&#8221;on&#8221; _builder_version=&#8221;4.25.0&#8243; global_colors_info=&#8221;{}&#8221; button_text_size__hover_enabled=&#8221;off&#8221; button_one_text_size__hover_enabled=&#8221;off&#8221; button_two_text_size__hover_enabled=&#8221;off&#8221; button_text_color__hover_enabled=&#8221;off&#8221; button_one_text_color__hover_enabled=&#8221;off&#8221; button_two_text_color__hover_enabled=&#8221;off&#8221; button_border_width__hover_enabled=&#8221;off&#8221; button_one_border_width__hover_enabled=&#8221;off&#8221; button_two_border_width__hover_enabled=&#8221;off&#8221; button_border_color__hover_enabled=&#8221;off&#8221; button_one_border_color__hover_enabled=&#8221;off&#8221; button_two_border_color__hover_enabled=&#8221;off&#8221; button_border_radius__hover_enabled=&#8221;off&#8221; button_one_border_radius__hover_enabled=&#8221;off&#8221; button_two_border_radius__hover_enabled=&#8221;off&#8221; button_letter_spacing__hover_enabled=&#8221;off&#8221; button_one_letter_spacing__hover_enabled=&#8221;off&#8221; button_two_letter_spacing__hover_enabled=&#8221;off&#8221; button_bg_color__hover_enabled=&#8221;off&#8221; button_one_bg_color__hover_enabled=&#8221;off&#8221; button_two_bg_color__hover_enabled=&#8221;off&#8221;][\/et_pb_contact_field][et_pb_contact_field field_id=&#8221;Puhelinnumero&#8221; field_title=&#8221;Phone Number&#8221; fullwidth_field=&#8221;on&#8221; _builder_version=&#8221;4.25.0&#8243; global_colors_info=&#8221;{}&#8221;][\/et_pb_contact_field][et_pb_contact_field field_id=&#8221;Vastaanottaja&#8221; field_title=&#8221;Receiver&#8221; field_type=&#8221;select&#8221; select_options=&#8221;%91{%22value%22:%22Kallioinen Rent%22,%22checked%22:0,%22dragID%22:-1},{%22dragID%22:0,%22value%22:%22Kallioinen Real Estate%22,%22checked%22:0}%93&#8243; fullwidth_field=&#8221;on&#8221; _builder_version=&#8221;4.27.4&#8243; _module_preset=&#8221;default&#8221; hover_enabled=&#8221;0&#8243; global_colors_info=&#8221;{}&#8221; sticky_enabled=&#8221;0&#8243;][\/et_pb_contact_field][et_pb_contact_field field_id=&#8221;Message&#8221; field_title=&#8221;Message&#8221; field_type=&#8221;text&#8221; fullwidth_field=&#8221;on&#8221; _builder_version=&#8221;4.25.0&#8243; global_colors_info=&#8221;{}&#8221; button_text_size__hover_enabled=&#8221;off&#8221; button_one_text_size__hover_enabled=&#8221;off&#8221; button_two_text_size__hover_enabled=&#8221;off&#8221; button_text_color__hover_enabled=&#8221;off&#8221; button_one_text_color__hover_enabled=&#8221;off&#8221; button_two_text_color__hover_enabled=&#8221;off&#8221; button_border_width__hover_enabled=&#8221;off&#8221; button_one_border_width__hover_enabled=&#8221;off&#8221; button_two_border_width__hover_enabled=&#8221;off&#8221; button_border_color__hover_enabled=&#8221;off&#8221; button_one_border_color__hover_enabled=&#8221;off&#8221; button_two_border_color__hover_enabled=&#8221;off&#8221; button_border_radius__hover_enabled=&#8221;off&#8221; button_one_border_radius__hover_enabled=&#8221;off&#8221; button_two_border_radius__hover_enabled=&#8221;off&#8221; button_letter_spacing__hover_enabled=&#8221;off&#8221; button_one_letter_spacing__hover_enabled=&#8221;off&#8221; button_two_letter_spacing__hover_enabled=&#8221;off&#8221; button_bg_color__hover_enabled=&#8221;off&#8221; button_one_bg_color__hover_enabled=&#8221;off&#8221; button_two_bg_color__hover_enabled=&#8221;off&#8221;][\/et_pb_contact_field][et_pb_contact_field field_id=&#8221;Lupa_2&#8243; field_title=&#8221; &#8221; field_type=&#8221;checkbox&#8221; checkbox_options=&#8221;%91{%22value%22:%22I agree to the processing of my personal data in accordance with the %22,%22checked%22:0,%22dragID%22:-1,%22link_text%22:%22 privacy statement%22,%22link_url%22:%22\/en\/privacy\/%22}%93&#8243; fullwidth_field=&#8221;on&#8221; _builder_version=&#8221;4.25.0&#8243; _module_preset=&#8221;default&#8221; form_field_background_color=&#8221;gcid-099bff7b-77f3-452e-adc8-16c037829c2f&#8221; form_field_text_color=&#8221;#FFFFFF&#8221; custom_css_main_element=&#8221;color:white;&#8221; global_colors_info=&#8221;{%22gcid-099bff7b-77f3-452e-adc8-16c037829c2f%22:%91%22form_field_background_color%22%93}&#8221;][\/et_pb_contact_field][\/et_pb_contact_form][\/et_pb_column][\/et_pb_row][\/et_pb_section]<\/p>\n","protected":false},"excerpt":{"rendered":"<p>Kallioinen GroupKallioinen Yhti\u00f6t \u2013 A Reliable Partner for Construction and Business PremisesKallioinen Yhti\u00f6t is a Finnish family-owned company with roots dating back to 1973, when founder Veijo Kallioinen began earthmoving work. Over the decades, Kallioinen has grown into a customer-oriented operator with two strong business areas: construction equipment rental and real estate leasing.Our Services today [&hellip;]<\/p>\n","protected":false},"author":2,"featured_media":0,"parent":0,"menu_order":0,"comment_status":"closed","ping_status":"closed","template":"","meta":{"_et_pb_use_builder":"on","_et_pb_old_content":"","_et_gb_content_width":"","footnotes":""},"class_list":["post-1982","page","type-page","status-publish","hentry"],"_links":{"self":[{"href":"https:\/\/kallioinenyhtiot.com\/en\/wp-json\/wp\/v2\/pages\/1982","targetHints":{"allow":["GET"]}}],"collection":[{"href":"https:\/\/kallioinenyhtiot.com\/en\/wp-json\/wp\/v2\/pages"}],"about":[{"href":"https:\/\/kallioinenyhtiot.com\/en\/wp-json\/wp\/v2\/types\/page"}],"author":[{"embeddable":true,"href":"https:\/\/kallioinenyhtiot.com\/en\/wp-json\/wp\/v2\/users\/2"}],"replies":[{"embeddable":true,"href":"https:\/\/kallioinenyhtiot.com\/en\/wp-json\/wp\/v2\/comments?post=1982"}],"version-history":[{"count":7,"href":"https:\/\/kallioinenyhtiot.com\/en\/wp-json\/wp\/v2\/pages\/1982\/revisions"}],"predecessor-version":[{"id":2555,"href":"https:\/\/kallioinenyhtiot.com\/en\/wp-json\/wp\/v2\/pages\/1982\/revisions\/2555"}],"wp:attachment":[{"href":"https:\/\/kallioinenyhtiot.com\/en\/wp-json\/wp\/v2\/media?parent=1982"}],"curies":[{"name":"wp","href":"https:\/\/api.w.org\/{rel}","templated":true}]}}