{"id":2016,"date":"2024-04-24T18:29:51","date_gmt":"2024-04-24T16:29:51","guid":{"rendered":"https:\/\/kallioinen.devnettisivu.net\/whistleblowing-ilmoituskanava\/"},"modified":"2024-05-08T11:52:48","modified_gmt":"2024-05-08T09:52:48","slug":"whistleblowing","status":"publish","type":"page","link":"https:\/\/kallioinenyhtiot.com\/en\/whistleblowing\/","title":{"rendered":"Whistleblowing"},"content":{"rendered":"<p>[et_pb_section fb_built=&#8221;1&#8243; custom_padding_last_edited=&#8221;on|phone&#8221; admin_label=&#8221;Alasivun otsikko&#8221; _builder_version=&#8221;4.25.0&#8243; background_color=&#8221;gcid-1a5d2122-4131-409c-b339-5f7e2bec986c&#8221; use_background_color_gradient=&#8221;on&#8221; background_color_gradient_stops=&#8221;rgba(4,68,142,0.5) 2%|rgba(2,61,124,0.5) 100%&#8221; background_color_gradient_overlays_image=&#8221;on&#8221; background_image=&#8221;https:\/\/kallioinenyhtiot.com\/wp-content\/uploads\/2024\/04\/kallioinen_maansiirto.jpg&#8221; parallax=&#8221;on&#8221; positioning=&#8221;none&#8221; custom_margin_tablet=&#8221;||||false|false&#8221; custom_margin_phone=&#8221;||||false|false&#8221; custom_margin_last_edited=&#8221;on|phone&#8221; custom_padding=&#8221;9vh||6vh||false|false&#8221; custom_padding_tablet=&#8221;5vh||3vh||false|false&#8221; custom_padding_phone=&#8221;3vh||1vh||false|false&#8221; locked=&#8221;off&#8221; global_colors_info=&#8221;{%22gcid-1a5d2122-4131-409c-b339-5f7e2bec986c%22:%91%22background_color%22%93}&#8221;][et_pb_row _builder_version=&#8221;4.19.5&#8243; custom_padding=&#8221;27px|||||&#8221; global_colors_info=&#8221;{}&#8221;][et_pb_column type=&#8221;4_4&#8243; _builder_version=&#8221;4.16&#8243; global_colors_info=&#8221;{}&#8221;][et_pb_text _builder_version=&#8221;4.25.0&#8243; custom_margin=&#8221;||12px|||&#8221; global_colors_info=&#8221;{}&#8221;]<\/p>\n<h1>Whistleblowing<\/h1>\n<p>[\/et_pb_text][\/et_pb_column][\/et_pb_row][\/et_pb_section][et_pb_section fb_built=&#8221;1&#8243; custom_padding_last_edited=&#8221;on|phone&#8221; admin_label=&#8221;Osio&#8221; module_id=&#8221;yhteys&#8221; _builder_version=&#8221;4.25.0&#8243; custom_padding=&#8221;7vh||7vh||true|false&#8221; custom_padding_tablet=&#8221;5vh||0vh||false|false&#8221; custom_padding_phone=&#8221;4vh||0vh||false|false&#8221; locked=&#8221;off&#8221; global_colors_info=&#8221;{}&#8221;][et_pb_row column_structure=&#8221;1_2,1_2&#8243; custom_padding_last_edited=&#8221;on|phone&#8221; _builder_version=&#8221;4.25.0&#8243; width_tablet=&#8221;100%&#8221; width_phone=&#8221;100%&#8221; width_last_edited=&#8221;on|tablet&#8221; custom_padding=&#8221;||||false|true&#8221; custom_padding_tablet=&#8221;|9.5%||9.5%|false|true&#8221; custom_padding_phone=&#8221;|0%|0px|0%|false|true&#8221; custom_css_main_element=&#8221;-&#8221; global_colors_info=&#8221;{%22gcid-e7d4c215-a8bc-4252-bb98-f09d6c315d3c%22:%91%22background_color%22%93}&#8221;][et_pb_column type=&#8221;1_2&#8243; _builder_version=&#8221;4.25.0&#8243; _module_preset=&#8221;default&#8221; custom_padding=&#8221;||||false|false&#8221; custom_padding_tablet=&#8221;||||false|false&#8221; custom_padding_phone=&#8221;|9.5%||9.5%|false|true&#8221; custom_padding_last_edited=&#8221;on|phone&#8221; global_colors_info=&#8221;{}&#8221;][et_pb_text _builder_version=&#8221;4.25.0&#8243; _module_preset=&#8221;default&#8221; global_colors_info=&#8221;{}&#8221;]<\/p>\n<p>Whistleblowing refers to a reporting channel service that allows the reporting of misconduct or suspected misconduct. The use of a whistleblowing reporting channel in an organization reduces the likelihood of misconduct and promotes the implementation of the company&#8217;s ethical guidelines.<\/p>\n<p>At Kallioinen companies, both members of our own organization and external parties can use the whistleblowing form to report suspected misconduct. The suspicion reported can involve a member of our own organization, as well as a client, supplier, or other stakeholder partner.<\/p>\n<p>Reports can be submitted in cases such as bribery, favoritism, altering information, misuse of company benefits, threats or coercion, misuse of official position, conflicts of interest, etc.<\/p>\n<p>All reports and suspicions are handled with the utmost confidentiality by authorized personnel only. The whistleblower remains anonymous to the person suspected of misconduct. If you wish, you can submit your report anonymously, but in that case, we cannot ask for additional information related to the report if needed.<\/p>\n<p>[\/et_pb_text][\/et_pb_column][et_pb_column type=&#8221;1_2&#8243; _builder_version=&#8221;4.25.0&#8243; _module_preset=&#8221;default&#8221; background_color=&#8221;gcid-43508936-0565-4258-b9b9-165d4cc484fd&#8221; custom_padding=&#8221;30px|30px|30px|30px|true|true&#8221; custom_padding_tablet=&#8221;30px|30px|30px|30px|true|true&#8221; custom_padding_phone=&#8221;|9.5%||9.5%|false|true&#8221; custom_padding_last_edited=&#8221;on|phone&#8221; border_radii=&#8221;on|6px|6px|6px|6px&#8221; border_radii_tablet=&#8221;on|6px|6px|6px|6px&#8221; border_radii_phone=&#8221;on|0px|0px|0px|0px&#8221; border_radii_last_edited=&#8221;on|tablet&#8221; global_colors_info=&#8221;{%22gcid-43508936-0565-4258-b9b9-165d4cc484fd%22:%91%22background_color%22%93}&#8221;][et_pb_heading title=&#8221;Reporter&#8217;s details&#8221; _builder_version=&#8221;4.25.0&#8243; _module_preset=&#8221;default&#8221; title_level=&#8221;h2&#8243; title_font=&#8221;|600|||||||&#8221; title_text_align=&#8221;left&#8221; title_text_color=&#8221;#FFFFFF&#8221; custom_margin=&#8221;||12px|||&#8221; global_colors_info=&#8221;{}&#8221;][\/et_pb_heading][et_pb_text _builder_version=&#8221;4.25.0&#8243; _module_preset=&#8221;default&#8221; text_text_color=&#8221;#FFFFFF&#8221; custom_margin=&#8221;||16px|||&#8221; global_colors_info=&#8221;{}&#8221;]<\/p>\n<div id=\"field_1_1\" class=\"gfield gfield--type-html gfield_html gfield_html_formatted gfield_no_follows_desc field_sublabel_below gfield--no-description field_description_below gfield_visibility_visible\" data-js-reload=\"field_1_1\">\n<p><span>The report can be made anonymously, but in that case, we cannot ask for additional information related to the report if needed. It may be possible that due to this, the case cannot be investigated in more detail.<\/span><\/p>\n<\/div>\n<p>[\/et_pb_text][et_pb_contact_form captcha=&#8221;off&#8221; email=&#8221;whistleblowing@kallioinenyhtiot.com&#8221; custom_message=&#8221;WHISTLEBLOWING YHTEYDENOTTO||et_pb_line_break_holder||||et_pb_line_break_holder||YHTEYSTIEDOT:||et_pb_line_break_holder||Nimi: %%Name%%||et_pb_line_break_holder||Puhelin: %%Puhelinnumero%%||et_pb_line_break_holder||S\u00e4hk\u00f6posti: %%Email%%||et_pb_line_break_holder||||et_pb_line_break_holder||ILMOITUKSEN TYYPPI:||et_pb_line_break_holder||%%Haluan%%||et_pb_line_break_holder||||et_pb_line_break_holder||ILMOITUKSEN SIS\u00c4LT\u00d6:||et_pb_line_break_holder||Aihe: %%Aihe%%||et_pb_line_break_holder||Kuvaus: %%Kuvaus%%||et_pb_line_break_holder||Milloin tapahtunut: %%Milloin%%||et_pb_line_break_holder||Miss\u00e4: %%Missa%%||et_pb_line_break_holder||Tapaukseen liittyy: %%Liittyvat%%||et_pb_line_break_holder||||et_pb_line_break_holder||SUOSTUMUS HENKIL\u00d6TIETOJEN K\u00c4SITTELYYN||et_pb_line_break_holder||%%Suostumus%%&#8221; module_id=&#8221;et_pb_contact_form_0&#8243; _builder_version=&#8221;4.25.0&#8243; _unique_id=&#8221;9e0ba8d1-792a-4144-96f3-e7b1b9f20a37&#8243; form_field_background_color=&#8221;#FFFFFF&#8221; form_field_text_color=&#8221;#000000&#8243; custom_button=&#8221;on&#8221; button_text_color=&#8221;#000f3f&#8221; button_bg_color=&#8221;#d5ae4e&#8221; button_border_color=&#8221;#d5ae4e&#8221; max_width=&#8221;500px&#8221; module_alignment=&#8221;center&#8221; hover_enabled=&#8221;0&#8243; custom_css_contact_button=&#8221;margin-top:5px;&#8221; border_radii=&#8221;on|3px|3px|3px|3px&#8221; saved_tabs=&#8221;all&#8221; global_colors_info=&#8221;{%22gcid-099bff7b-77f3-452e-adc8-16c037829c2f%22:%91%22button_bg_color%22,%22button_border_color%22,%22button_bg_color__hover%22,%22button_border_color__hover%22%93,%22gcid-body-color%22:%91%22button_text_color%22%93}&#8221; button_bg_color__hover_enabled=&#8221;on|hover&#8221; button_bg_color__hover=&#8221;#d5ae4e&#8221; button_bg_enable_color__hover=&#8221;on&#8221; button_border_color__hover_enabled=&#8221;on|hover&#8221; button_border_color__hover=&#8221;#d5ae4e&#8221; sticky_enabled=&#8221;0&#8243;][et_pb_contact_field field_id=&#8221;Name&#8221; field_title=&#8221;Reporter&#8217;s name (optional)&#8221; required_mark=&#8221;off&#8221; fullwidth_field=&#8221;on&#8221; _builder_version=&#8221;4.25.0&#8243; global_colors_info=&#8221;{}&#8221; button_text_size__hover_enabled=&#8221;off&#8221; button_one_text_size__hover_enabled=&#8221;off&#8221; button_two_text_size__hover_enabled=&#8221;off&#8221; button_text_color__hover_enabled=&#8221;off&#8221; button_one_text_color__hover_enabled=&#8221;off&#8221; button_two_text_color__hover_enabled=&#8221;off&#8221; button_border_width__hover_enabled=&#8221;off&#8221; button_one_border_width__hover_enabled=&#8221;off&#8221; button_two_border_width__hover_enabled=&#8221;off&#8221; button_border_color__hover_enabled=&#8221;off&#8221; button_one_border_color__hover_enabled=&#8221;off&#8221; button_two_border_color__hover_enabled=&#8221;off&#8221; button_border_radius__hover_enabled=&#8221;off&#8221; button_one_border_radius__hover_enabled=&#8221;off&#8221; button_two_border_radius__hover_enabled=&#8221;off&#8221; button_letter_spacing__hover_enabled=&#8221;off&#8221; button_one_letter_spacing__hover_enabled=&#8221;off&#8221; button_two_letter_spacing__hover_enabled=&#8221;off&#8221; button_bg_color__hover_enabled=&#8221;off&#8221; button_one_bg_color__hover_enabled=&#8221;off&#8221; button_two_bg_color__hover_enabled=&#8221;off&#8221;][\/et_pb_contact_field][et_pb_contact_field field_id=&#8221;Email&#8221; field_title=&#8221;Reporter&#8217;s email (optional)&#8221; field_type=&#8221;email&#8221; required_mark=&#8221;off&#8221; fullwidth_field=&#8221;on&#8221; _builder_version=&#8221;4.25.0&#8243; global_colors_info=&#8221;{}&#8221; button_text_size__hover_enabled=&#8221;off&#8221; button_one_text_size__hover_enabled=&#8221;off&#8221; button_two_text_size__hover_enabled=&#8221;off&#8221; button_text_color__hover_enabled=&#8221;off&#8221; button_one_text_color__hover_enabled=&#8221;off&#8221; button_two_text_color__hover_enabled=&#8221;off&#8221; button_border_width__hover_enabled=&#8221;off&#8221; button_one_border_width__hover_enabled=&#8221;off&#8221; button_two_border_width__hover_enabled=&#8221;off&#8221; button_border_color__hover_enabled=&#8221;off&#8221; button_one_border_color__hover_enabled=&#8221;off&#8221; button_two_border_color__hover_enabled=&#8221;off&#8221; button_border_radius__hover_enabled=&#8221;off&#8221; button_one_border_radius__hover_enabled=&#8221;off&#8221; button_two_border_radius__hover_enabled=&#8221;off&#8221; button_letter_spacing__hover_enabled=&#8221;off&#8221; button_one_letter_spacing__hover_enabled=&#8221;off&#8221; button_two_letter_spacing__hover_enabled=&#8221;off&#8221; button_bg_color__hover_enabled=&#8221;off&#8221; button_one_bg_color__hover_enabled=&#8221;off&#8221; button_two_bg_color__hover_enabled=&#8221;off&#8221;][\/et_pb_contact_field][et_pb_contact_field field_id=&#8221;Puhelinnumero&#8221; field_title=&#8221;Reporter&#8217;s phone number (optional)&#8221; required_mark=&#8221;off&#8221; fullwidth_field=&#8221;on&#8221; _builder_version=&#8221;4.25.0&#8243; global_colors_info=&#8221;{}&#8221;][\/et_pb_contact_field][et_pb_contact_field field_id=&#8221;Haluan&#8221; field_title=&#8221;I want to make a report&#8221; field_type=&#8221;radio&#8221; radio_options=&#8221;%91{%22value%22:%22In writing, fields open on the form for filling in the information.%22,%22checked%22:0,%22dragID%22:-1},{%22value%22:%22Verbally, and I hope to be contacted by phone (I have provided my phone number on the form).%22,%22checked%22:0,%22dragID%22:0}%93&#8243; fullwidth_field=&#8221;on&#8221; _builder_version=&#8221;4.25.0&#8243; _module_preset=&#8221;default&#8221; form_field_background_color=&#8221;gcid-099bff7b-77f3-452e-adc8-16c037829c2f&#8221; form_field_text_color=&#8221;#FFFFFF&#8221; custom_css_free_form=&#8221;.selector {||  color: white;||}&#8221; global_colors_info=&#8221;{%22gcid-099bff7b-77f3-452e-adc8-16c037829c2f%22:%91%22form_field_background_color%22%93}&#8221;][\/et_pb_contact_field][et_pb_contact_field field_id=&#8221;Aihe&#8221; field_title=&#8221;Subject of the report&#8221; required_mark=&#8221;off&#8221; fullwidth_field=&#8221;on&#8221; conditional_logic=&#8221;on&#8221; conditional_logic_rules=&#8221;%91{%22field%22:%22haluan%22,%22condition%22:%22is%22,%22value%22:%22Kirjallisesti, lomakkeelle aukeaa kent\u00e4t tietojen t\u00e4ydent\u00e4mist\u00e4 varten.%22}%93&#8243; _builder_version=&#8221;4.25.0&#8243; _module_preset=&#8221;default&#8221; global_colors_info=&#8221;{}&#8221;][\/et_pb_contact_field][et_pb_contact_field field_id=&#8221;Kuvaus&#8221; field_title=&#8221;Detailed description of the case&#8221; field_type=&#8221;text&#8221; required_mark=&#8221;off&#8221; fullwidth_field=&#8221;on&#8221; conditional_logic=&#8221;on&#8221; conditional_logic_rules=&#8221;%91{%22field%22:%22haluan%22,%22condition%22:%22is%22,%22value%22:%22Kirjallisesti, lomakkeelle aukeaa kent\u00e4t tietojen t\u00e4ydent\u00e4mist\u00e4 varten.%22}%93&#8243; _builder_version=&#8221;4.25.0&#8243; _module_preset=&#8221;default&#8221; global_colors_info=&#8221;{}&#8221;][\/et_pb_contact_field][et_pb_contact_field field_id=&#8221;Milloin&#8221; field_title=&#8221;When did the incident occur?&#8221; required_mark=&#8221;off&#8221; fullwidth_field=&#8221;on&#8221; conditional_logic=&#8221;on&#8221; conditional_logic_rules=&#8221;%91{%22field%22:%22haluan%22,%22condition%22:%22is%22,%22value%22:%22Kirjallisesti, lomakkeelle aukeaa kent\u00e4t tietojen t\u00e4ydent\u00e4mist\u00e4 varten.%22}%93&#8243; _builder_version=&#8221;4.25.0&#8243; _module_preset=&#8221;default&#8221; global_colors_info=&#8221;{}&#8221;][\/et_pb_contact_field][et_pb_contact_field field_id=&#8221;Missa&#8221; field_title=&#8221;Where did the incident occur?&#8221; required_mark=&#8221;off&#8221; fullwidth_field=&#8221;on&#8221; conditional_logic=&#8221;on&#8221; conditional_logic_rules=&#8221;%91{%22field%22:%22haluan%22,%22condition%22:%22is%22,%22value%22:%22Kirjallisesti, lomakkeelle aukeaa kent\u00e4t tietojen t\u00e4ydent\u00e4mist\u00e4 varten.%22}%93&#8243; _builder_version=&#8221;4.25.0&#8243; _module_preset=&#8221;default&#8221; global_colors_info=&#8221;{}&#8221;][\/et_pb_contact_field][et_pb_contact_field field_id=&#8221;Liittyvat&#8221; field_title=&#8221;The case involves&#8221; field_type=&#8221;checkbox&#8221; checkbox_options=&#8221;%91{%22value%22:%22Bribery%22,%22checked%22:0,%22dragID%22:-1},{%22dragID%22:0,%22value%22:%22Ethics%22,%22checked%22:0},{%22dragID%22:1,%22value%22:%22Misconduct%22,%22checked%22:0},{%22dragID%22:2,%22value%22:%22Threat%22,%22checked%22:0},{%22dragID%22:3,%22value%22:%22Conflicts of interest%22,%22checked%22:0}%93&#8243; required_mark=&#8221;off&#8221; fullwidth_field=&#8221;on&#8221; conditional_logic=&#8221;on&#8221; conditional_logic_rules=&#8221;%91{%22field%22:%22haluan%22,%22condition%22:%22is%22,%22value%22:%22Kirjallisesti, lomakkeelle aukeaa kent\u00e4t tietojen t\u00e4ydent\u00e4mist\u00e4 varten.%22}%93&#8243; _builder_version=&#8221;4.25.0&#8243; _module_preset=&#8221;default&#8221; form_field_background_color=&#8221;gcid-099bff7b-77f3-452e-adc8-16c037829c2f&#8221; form_field_text_color=&#8221;#FFFFFF&#8221; custom_css_free_form=&#8221;.selector {||  color: white;||}&#8221; global_colors_info=&#8221;{%22gcid-099bff7b-77f3-452e-adc8-16c037829c2f%22:%91%22form_field_background_color%22%93}&#8221;][\/et_pb_contact_field][et_pb_contact_field field_id=&#8221;Suostumus&#8221; field_title=&#8221;Consent&#8221; field_type=&#8221;checkbox&#8221; checkbox_options=&#8221;%91{%22value%22:%22I consent to the processing of my personal data to the extent necessary for the handling of the report &#8211; %22,%22checked%22:0,%22dragID%22:-1,%22link_url%22:%22\/en\/privacy\/%22,%22link_text%22:%22Privacy statement%22}%93&#8243; fullwidth_field=&#8221;on&#8221; _builder_version=&#8221;4.25.0&#8243; _module_preset=&#8221;default&#8221; form_field_background_color=&#8221;gcid-099bff7b-77f3-452e-adc8-16c037829c2f&#8221; form_field_text_color=&#8221;#FFFFFF&#8221; hover_enabled=&#8221;0&#8243; custom_css_free_form=&#8221;.selector {||  color: white;||}&#8221; global_colors_info=&#8221;{%22gcid-099bff7b-77f3-452e-adc8-16c037829c2f%22:%91%22form_field_background_color%22%93}&#8221; sticky_enabled=&#8221;0&#8243;][\/et_pb_contact_field][\/et_pb_contact_form][\/et_pb_column][\/et_pb_row][\/et_pb_section]<\/p>\n","protected":false},"excerpt":{"rendered":"<p>WhistleblowingWhistleblowing refers to a reporting channel service that allows the reporting of misconduct or suspected misconduct. The use of a whistleblowing reporting channel in an organization reduces the likelihood of misconduct and promotes the implementation of the company&#8217;s ethical guidelines. At Kallioinen companies, both members of our own organization and external parties can use the [&hellip;]<\/p>\n","protected":false},"author":2,"featured_media":0,"parent":0,"menu_order":0,"comment_status":"closed","ping_status":"closed","template":"","meta":{"_et_pb_use_builder":"on","_et_pb_old_content":"","_et_gb_content_width":"","footnotes":""},"class_list":["post-2016","page","type-page","status-publish","hentry"],"_links":{"self":[{"href":"https:\/\/kallioinenyhtiot.com\/en\/wp-json\/wp\/v2\/pages\/2016","targetHints":{"allow":["GET"]}}],"collection":[{"href":"https:\/\/kallioinenyhtiot.com\/en\/wp-json\/wp\/v2\/pages"}],"about":[{"href":"https:\/\/kallioinenyhtiot.com\/en\/wp-json\/wp\/v2\/types\/page"}],"author":[{"embeddable":true,"href":"https:\/\/kallioinenyhtiot.com\/en\/wp-json\/wp\/v2\/users\/2"}],"replies":[{"embeddable":true,"href":"https:\/\/kallioinenyhtiot.com\/en\/wp-json\/wp\/v2\/comments?post=2016"}],"version-history":[{"count":4,"href":"https:\/\/kallioinenyhtiot.com\/en\/wp-json\/wp\/v2\/pages\/2016\/revisions"}],"predecessor-version":[{"id":2108,"href":"https:\/\/kallioinenyhtiot.com\/en\/wp-json\/wp\/v2\/pages\/2016\/revisions\/2108"}],"wp:attachment":[{"href":"https:\/\/kallioinenyhtiot.com\/en\/wp-json\/wp\/v2\/media?parent=2016"}],"curies":[{"name":"wp","href":"https:\/\/api.w.org\/{rel}","templated":true}]}}