{"id":2378,"date":"2024-08-07T12:36:51","date_gmt":"2024-08-07T10:36:51","guid":{"rendered":"https:\/\/kallioinenyhtiot.com\/riihimaen-vanha-lasitehdas\/"},"modified":"2024-08-07T12:47:52","modified_gmt":"2024-08-07T10:47:52","slug":"riihimaki-old-glass-factory","status":"publish","type":"page","link":"https:\/\/kallioinenyhtiot.com\/en\/riihimaki-old-glass-factory\/","title":{"rendered":"Riihim\u00e4ki Old Glass Factory"},"content":{"rendered":"<p>[et_pb_section fb_built=&#8221;1&#8243; custom_padding_last_edited=&#8221;on|phone&#8221; admin_label=&#8221;Alasivun otsikko&#8221; _builder_version=&#8221;4.27.0&#8243; background_color=&#8221;gcid-1a5d2122-4131-409c-b339-5f7e2bec986c&#8221; use_background_color_gradient=&#8221;on&#8221; background_color_gradient_stops=&#8221;rgba(4,68,142,0.5) 2%|rgba(2,61,124,0.5) 100%&#8221; background_color_gradient_overlays_image=&#8221;on&#8221; background_image=&#8221;https:\/\/kallioinenyhtiot.com\/wp-content\/uploads\/2024\/08\/Paakonttori-scaled.jpg&#8221; parallax=&#8221;on&#8221; positioning=&#8221;none&#8221; custom_margin_tablet=&#8221;||||false|false&#8221; custom_margin_phone=&#8221;||||false|false&#8221; custom_margin_last_edited=&#8221;on|phone&#8221; custom_padding=&#8221;9vh||6vh||false|false&#8221; custom_padding_tablet=&#8221;5vh||3vh||false|false&#8221; custom_padding_phone=&#8221;3vh||1vh||false|false&#8221; locked=&#8221;off&#8221; global_colors_info=&#8221;{%22gcid-1a5d2122-4131-409c-b339-5f7e2bec986c%22:%91%22background_color%22%93}&#8221;][et_pb_row _builder_version=&#8221;4.19.5&#8243; global_colors_info=&#8221;{}&#8221;][et_pb_column type=&#8221;4_4&#8243; _builder_version=&#8221;4.16&#8243; global_colors_info=&#8221;{}&#8221;][et_pb_text _builder_version=&#8221;4.27.0&#8243; custom_margin=&#8221;||12px|||&#8221; global_colors_info=&#8221;{}&#8221;]<\/p>\n<h1>Riihim\u00e4ki Old Glass Factory<\/h1>\n<p>[\/et_pb_text][\/et_pb_column][\/et_pb_row][\/et_pb_section][et_pb_section fb_built=&#8221;1&#8243; custom_padding_last_edited=&#8221;on|phone&#8221; admin_label=&#8221;Osio&#8221; _builder_version=&#8221;4.25.0&#8243; custom_padding=&#8221;1vh||1vh||true|false&#8221; custom_padding_tablet=&#8221;||0vh||false|false&#8221; custom_padding_phone=&#8221;||0vh||false|false&#8221;][et_pb_row make_equal=&#8221;on&#8221; custom_padding_last_edited=&#8221;on|tablet&#8221; _builder_version=&#8221;4.27.0&#8243; width=&#8221;100%&#8221; max_width=&#8221;2560px&#8221; custom_padding=&#8221;48px|9.5%||9.5%|false|true&#8221; custom_padding_tablet=&#8221;|0%|0px|0%|false|true&#8221; custom_padding_phone=&#8221;|0%||0%|false|true&#8221; locked=&#8221;off&#8221; global_colors_info=&#8221;{}&#8221;][et_pb_column type=&#8221;4_4&#8243; _builder_version=&#8221;4.25.0&#8243; custom_padding_tablet=&#8221;|9.5%||9.5%|false|true&#8221; custom_padding_phone=&#8221;|9.5%||9.5%|false|true&#8221; custom_padding_last_edited=&#8221;on|phone&#8221; global_colors_info=&#8221;{}&#8221;][et_pb_text _builder_version=&#8221;4.27.0&#8243; header_text_align=&#8221;left&#8221; header_font_size=&#8221;34px&#8221; custom_margin=&#8221;||10px|||&#8221; global_colors_info=&#8221;{%22gcid-43508936-0565-4258-b9b9-165d4cc484fd%22:%91%22header_2_text_color%22,%22header_2_text_color%22%93}&#8221;]<\/p>\n<h2>The Glass Factory is a cultural and historical treasure full of possibilities!<\/h2>\n<p>[\/et_pb_text][et_pb_text _builder_version=&#8221;4.27.0&#8243; header_font_size=&#8221;34px&#8221; header_2_font=&#8221;|300|||||||&#8221; hover_enabled=&#8221;0&#8243; global_colors_info=&#8221;{}&#8221; sticky_enabled=&#8221;0&#8243;]<\/p>\n<p>The Old Glass Factory in Riihim\u00e4ki is one of our most important development sites, and we warmly welcome you to explore the activities of the Glass Factory! The spirit of glass is still strongly present in Riihim\u00e4ki, and the old glass factory serves as a magnificent starting point for an experiential and sheltered urban center for business, culture, and tourism services. The Glass Factory covers an area of 5.5 hectares, with over 23,000 square meters of space in its buildings to make dreams come true!<\/p>\n<p>[\/et_pb_text][et_pb_gallery gallery_ids=&#8221;2363,2357,2365,2361,2359,2298,2367,2300,2294,2308,2306,2302,2296,2310,2312,2315,2317,2319,2321,2323,2325,2339,2337,2335,2333,2331,2329,2327,2355,2304,2353,2351,2349,2347,2345,2343,2341&#8243; posts_number=&#8221;20&#8243; show_title_and_caption=&#8221;off&#8221; zoom_icon_color=&#8221;gcid-43508936-0565-4258-b9b9-165d4cc484fd&#8221; _builder_version=&#8221;4.27.0&#8243; _module_preset=&#8221;default&#8221; title_font=&#8221;|600|||||||&#8221; title_text_align=&#8221;left&#8221; title_text_color=&#8221;#FFFFFF&#8221; caption_text_color=&#8221;#FFFFFF&#8221; custom_margin=&#8221;||4px|||&#8221; custom_padding=&#8221;||0px|||&#8221; global_colors_info=&#8221;{%22gcid-43508936-0565-4258-b9b9-165d4cc484fd%22:%91%22zoom_icon_color%22%93}&#8221;][\/et_pb_gallery][\/et_pb_column][\/et_pb_row][\/et_pb_section][et_pb_section fb_built=&#8221;1&#8243; admin_label=&#8221;Osio&#8221; _builder_version=&#8221;4.27.0&#8243; background_color=&#8221;gcid-43508936-0565-4258-b9b9-165d4cc484fd&#8221; custom_padding=&#8221;4vh||4vh||true|false&#8221; border_color_top=&#8221;#e2e2e2&#8243; locked=&#8221;off&#8221; global_colors_info=&#8221;{%22gcid-43508936-0565-4258-b9b9-165d4cc484fd%22:%91%22background_color%22%93}&#8221;][et_pb_row _builder_version=&#8221;4.27.0&#8243; max_width=&#8221;824px&#8221; custom_padding=&#8221;23px|||||&#8221; global_colors_info=&#8221;{}&#8221;][et_pb_column type=&#8221;4_4&#8243; _builder_version=&#8221;4.25.0&#8243; _module_preset=&#8221;default&#8221; global_colors_info=&#8221;{}&#8221;][et_pb_heading title=&#8221;Interested? Get in touch!&#8221; _builder_version=&#8221;4.27.0&#8243; _module_preset=&#8221;default&#8221; title_level=&#8221;h2&#8243; title_font=&#8221;|700|||||||&#8221; title_text_align=&#8221;center&#8221; title_text_color=&#8221;#FFFFFF&#8221; custom_margin=&#8221;||14px|||&#8221; custom_padding=&#8221;||28px|||&#8221; global_colors_info=&#8221;{}&#8221;][\/et_pb_heading][et_pb_blurb title=&#8221;Teemu Vornila&#8221; _builder_version=&#8221;4.27.0&#8243; _module_preset=&#8221;default&#8221; header_font=&#8221;|700|||on|||#FFFFFF|&#8221; header_text_color=&#8221;#FFFFFF&#8221; header_font_size=&#8221;21px&#8221; body_text_align=&#8221;center&#8221; body_text_color=&#8221;#FFFFFF&#8221; body_font_size=&#8221;15px&#8221; body_link_font=&#8221;|700|||||||&#8221; body_link_text_color=&#8221;#FFFFFF&#8221; custom_css_blurb_title=&#8221;margin-top:-20px&#8221; border_radii_image=&#8221;on|730px|730px|730px|730px&#8221; border_width_all_image=&#8221;2px&#8221; border_color_all_image=&#8221;gcid-43508936-0565-4258-b9b9-165d4cc484fd&#8221; locked=&#8221;off&#8221; global_colors_info=&#8221;{%22gcid-43508936-0565-4258-b9b9-165d4cc484fd%22:%91%22header_2_text_color%22,%22border_color_all_image%22%93}&#8221;]<\/p>\n<p><strong>Customer Representative<br \/><\/strong><a href=\"tel:+358400 484 275\">+358400 484 275<\/a><br \/><a href=\"mailto:teemu.vornila@kallioinenyhtiot.com\">teemu.vornila@kallioinenyhtiot.com<\/a><\/p>\n<p>[\/et_pb_blurb][\/et_pb_column][\/et_pb_row][\/et_pb_section][et_pb_section fb_built=&#8221;1&#8243; custom_padding_last_edited=&#8221;on|phone&#8221; admin_label=&#8221;Osio&#8221; _builder_version=&#8221;4.25.0&#8243; background_color=&#8221;gcid-d39821b6-1a81-4642-8a2c-3e56d09ce01d&#8221; custom_padding=&#8221;7vh||7vh||true|false&#8221; custom_padding_tablet=&#8221;5vh||0vh||false|false&#8221; custom_padding_phone=&#8221;4vh||0vh||false|false&#8221; locked=&#8221;off&#8221; global_colors_info=&#8221;{%22gcid-d39821b6-1a81-4642-8a2c-3e56d09ce01d%22:%91%22background_color%22%93}&#8221;][et_pb_row column_structure=&#8221;1_2,1_2&#8243; custom_padding_last_edited=&#8221;on|phone&#8221; _builder_version=&#8221;4.25.0&#8243; width_tablet=&#8221;100%&#8221; width_phone=&#8221;100%&#8221; width_last_edited=&#8221;on|tablet&#8221; custom_padding=&#8221;||||false|true&#8221; custom_padding_tablet=&#8221;|9.5%||9.5%|false|true&#8221; custom_padding_phone=&#8221;|0%|0px|0%|false|true&#8221; custom_css_main_element=&#8221;-&#8221; global_colors_info=&#8221;{%22gcid-e7d4c215-a8bc-4252-bb98-f09d6c315d3c%22:%91%22background_color%22%93}&#8221;][et_pb_column type=&#8221;1_2&#8243; _builder_version=&#8221;4.25.0&#8243; _module_preset=&#8221;default&#8221; custom_padding=&#8221;||||false|false&#8221; custom_padding_tablet=&#8221;||||false|false&#8221; custom_padding_phone=&#8221;|9.5%||9.5%|false|true&#8221; custom_padding_last_edited=&#8221;on|phone&#8221; global_colors_info=&#8221;{}&#8221;][et_pb_text _builder_version=&#8221;4.25.0&#8243; header_text_align=&#8221;left&#8221; header_font_size=&#8221;34px&#8221; custom_margin=&#8221;||10px|||&#8221; global_colors_info=&#8221;{%22gcid-43508936-0565-4258-b9b9-165d4cc484fd%22:%91%22header_2_text_color%22,%22header_2_text_color%22%93}&#8221;]<\/p>\n<h2>Contact<\/h2>\n<p>[\/et_pb_text][et_pb_text _builder_version=&#8221;4.25.0&#8243; _module_preset=&#8221;default&#8221; global_colors_info=&#8221;{}&#8221;]<\/p>\n<p>Send your questions through the form.<\/p>\n<p>We will get back to you as soon as possible.<\/p>\n<p>[\/et_pb_text][et_pb_blurb use_icon=&#8221;on&#8221; font_icon=&#8221;&#xe076;||divi||400&#8243; icon_color=&#8221;#024f9f&#8221; icon_placement=&#8221;left&#8221; image_icon_width=&#8221;25px&#8221; content_max_width=&#8221;100%&#8221; _builder_version=&#8221;4.25.0&#8243; _module_preset=&#8221;default&#8221; header_level=&#8221;h5&#8243; header_text_align=&#8221;left&#8221; header_font_size=&#8221;21px&#8221; body_font=&#8221;|700|||||||&#8221; body_text_color=&#8221;#024f9f&#8221; body_font_size=&#8221;15px&#8221; body_link_font=&#8221;||||||||&#8221; body_link_font_size=&#8221;15px&#8221; custom_margin=&#8221;||9px|||&#8221; custom_css_blurb_image=&#8221;-&#8221; global_colors_info=&#8221;{%22gcid-43508936-0565-4258-b9b9-165d4cc484fd%22:%91%22header_2_text_color%22,%22icon_color%22%93}&#8221; custom_css_blurb_image_tablet=&#8221;-&#8221; custom_css_blurb_image_phone=&#8221;-&#8220;]<\/p>\n<p><a href=\"mailto:%20asiakaspalvelu@kallioinenyhtiot.com\">asiakaspalvelu@kallioinenyhtiot.com<\/a><\/p>\n<p>[\/et_pb_blurb][et_pb_blurb use_icon=&#8221;on&#8221; font_icon=&#8221;&#xe090;||divi||400&#8243; icon_color=&#8221;#024f9f&#8221; icon_placement=&#8221;left&#8221; image_icon_width=&#8221;25px&#8221; content_max_width=&#8221;100%&#8221; _builder_version=&#8221;4.25.0&#8243; _module_preset=&#8221;default&#8221; header_level=&#8221;h5&#8243; header_text_align=&#8221;left&#8221; header_font_size=&#8221;21px&#8221; body_font=&#8221;|700|||||||&#8221; body_text_color=&#8221;#024f9f&#8221; body_font_size=&#8221;15px&#8221; body_link_font=&#8221;||||||||&#8221; body_link_font_size=&#8221;15px&#8221; custom_margin=&#8221;||9px|||&#8221; custom_css_blurb_image=&#8221;-&#8221; global_colors_info=&#8221;{%22gcid-43508936-0565-4258-b9b9-165d4cc484fd%22:%91%22header_2_text_color%22,%22icon_color%22%93}&#8221; custom_css_blurb_image_tablet=&#8221;-&#8221; custom_css_blurb_image_phone=&#8221;-&#8220;]<\/p>\n<p><a href=\"tel:+35819%20426 6000\">+358 (19) 426 6000<\/a><\/p>\n<p>[\/et_pb_blurb][et_pb_blurb use_icon=&#8221;on&#8221; font_icon=&#8221;&#xf08d;||fa||900&#8243; icon_color=&#8221;gcid-43508936-0565-4258-b9b9-165d4cc484fd&#8221; icon_placement=&#8221;left&#8221; image_icon_width=&#8221;25px&#8221; content_max_width=&#8221;100%&#8221; _builder_version=&#8221;4.25.0&#8243; _module_preset=&#8221;default&#8221; header_level=&#8221;h5&#8243; header_text_align=&#8221;left&#8221; header_font_size=&#8221;21px&#8221; body_font=&#8221;|700|||||||&#8221; body_text_color=&#8221;gcid-43508936-0565-4258-b9b9-165d4cc484fd&#8221; body_font_size=&#8221;15px&#8221; body_link_font=&#8221;|600|||||||&#8221; body_link_font_size=&#8221;15px&#8221; custom_margin=&#8221;||9px|||&#8221; custom_css_blurb_image=&#8221;-&#8221; global_colors_info=&#8221;{%22gcid-43508936-0565-4258-b9b9-165d4cc484fd%22:%91%22header_2_text_color%22,%22icon_color%22,%22body_text_color%22%93}&#8221; custom_css_blurb_image_tablet=&#8221;-&#8221; custom_css_blurb_image_phone=&#8221;-&#8220;]<\/p>\n<p><span>Mets\u00e4mutilantie 1, 05460 Hyvink\u00e4\u00e4<\/span><\/p>\n<p>[\/et_pb_blurb][\/et_pb_column][et_pb_column type=&#8221;1_2&#8243; _builder_version=&#8221;4.25.0&#8243; _module_preset=&#8221;default&#8221; background_color=&#8221;gcid-43508936-0565-4258-b9b9-165d4cc484fd&#8221; custom_padding=&#8221;30px|30px|30px|30px|true|true&#8221; custom_padding_tablet=&#8221;30px|30px|30px|30px|true|true&#8221; custom_padding_phone=&#8221;|9.5%||9.5%|false|true&#8221; custom_padding_last_edited=&#8221;on|phone&#8221; border_radii=&#8221;on|6px|6px|6px|6px&#8221; border_radii_tablet=&#8221;on|6px|6px|6px|6px&#8221; border_radii_phone=&#8221;on|0px|0px|0px|0px&#8221; border_radii_last_edited=&#8221;on|tablet&#8221; global_colors_info=&#8221;{%22gcid-43508936-0565-4258-b9b9-165d4cc484fd%22:%91%22background_color%22%93}&#8221;][et_pb_heading title=&#8221;Contact Us&#8221; _builder_version=&#8221;4.25.0&#8243; _module_preset=&#8221;default&#8221; title_level=&#8221;h2&#8243; title_font=&#8221;|600|||||||&#8221; title_text_align=&#8221;center&#8221; title_text_color=&#8221;#FFFFFF&#8221; custom_margin=&#8221;||12px|||&#8221; global_colors_info=&#8221;{}&#8221;][\/et_pb_heading][et_pb_contact_form captcha=&#8221;off&#8221; email=&#8221;asiakaspalvelu@kallioinenyhtiot.com&#8221; custom_message=&#8221;Yhteydenotto englanninkieliselt\u00e4 nettisivuilta:||et_pb_line_break_holder||||et_pb_line_break_holder||Vastaanottaja: %%Vastaanottaja%%||et_pb_line_break_holder||||et_pb_line_break_holder||ASIAKKAAN TIEDOT||et_pb_line_break_holder||Nimi: %%Name%%||et_pb_line_break_holder||Puhelin: %%Puhelinnumero%%||et_pb_line_break_holder||S\u00e4hk\u00f6posti: %%Email%%||et_pb_line_break_holder||||et_pb_line_break_holder||Viesti:||et_pb_line_break_holder||%%Message%%&#8221; _builder_version=&#8221;4.25.0&#8243; _unique_id=&#8221;9e0ba8d1-792a-4144-96f3-e7b1b9f20a37&#8243; form_field_background_color=&#8221;#FFFFFF&#8221; form_field_text_color=&#8221;#000000&#8243; custom_button=&#8221;on&#8221; button_text_color=&#8221;gcid-body-color&#8221; button_bg_color=&#8221;gcid-099bff7b-77f3-452e-adc8-16c037829c2f&#8221; button_border_color=&#8221;gcid-099bff7b-77f3-452e-adc8-16c037829c2f&#8221; max_width=&#8221;500px&#8221; module_alignment=&#8221;center&#8221; custom_css_contact_button=&#8221;margin-top:5px;&#8221; border_radii=&#8221;on|3px|3px|3px|3px&#8221; global_module=&#8221;2027&#8243; saved_tabs=&#8221;all&#8221; global_colors_info=&#8221;{%22gcid-099bff7b-77f3-452e-adc8-16c037829c2f%22:%91%22button_bg_color%22,%22button_border_color%22,%22button_bg_color__hover%22,%22button_border_color__hover%22%93,%22gcid-body-color%22:%91%22button_text_color%22%93}&#8221; button_bg_color__hover_enabled=&#8221;on|hover&#8221; button_bg_color__hover=&#8221;#d5ae4e&#8221; button_bg_enable_color__hover=&#8221;on&#8221; button_border_color__hover_enabled=&#8221;on|hover&#8221; button_border_color__hover=&#8221;#d5ae4e&#8221;][et_pb_contact_field field_id=&#8221;Name&#8221; field_title=&#8221;Name&#8221; fullwidth_field=&#8221;on&#8221; _builder_version=&#8221;4.25.0&#8243; global_colors_info=&#8221;{}&#8221; button_text_size__hover_enabled=&#8221;off&#8221; button_one_text_size__hover_enabled=&#8221;off&#8221; button_two_text_size__hover_enabled=&#8221;off&#8221; button_text_color__hover_enabled=&#8221;off&#8221; button_one_text_color__hover_enabled=&#8221;off&#8221; button_two_text_color__hover_enabled=&#8221;off&#8221; button_border_width__hover_enabled=&#8221;off&#8221; button_one_border_width__hover_enabled=&#8221;off&#8221; button_two_border_width__hover_enabled=&#8221;off&#8221; button_border_color__hover_enabled=&#8221;off&#8221; button_one_border_color__hover_enabled=&#8221;off&#8221; button_two_border_color__hover_enabled=&#8221;off&#8221; button_border_radius__hover_enabled=&#8221;off&#8221; button_one_border_radius__hover_enabled=&#8221;off&#8221; button_two_border_radius__hover_enabled=&#8221;off&#8221; button_letter_spacing__hover_enabled=&#8221;off&#8221; button_one_letter_spacing__hover_enabled=&#8221;off&#8221; button_two_letter_spacing__hover_enabled=&#8221;off&#8221; button_bg_color__hover_enabled=&#8221;off&#8221; button_one_bg_color__hover_enabled=&#8221;off&#8221; button_two_bg_color__hover_enabled=&#8221;off&#8221;][\/et_pb_contact_field][et_pb_contact_field field_id=&#8221;Email&#8221; field_title=&#8221;Email&#8221; field_type=&#8221;email&#8221; fullwidth_field=&#8221;on&#8221; _builder_version=&#8221;4.25.0&#8243; global_colors_info=&#8221;{}&#8221; button_text_size__hover_enabled=&#8221;off&#8221; button_one_text_size__hover_enabled=&#8221;off&#8221; button_two_text_size__hover_enabled=&#8221;off&#8221; button_text_color__hover_enabled=&#8221;off&#8221; button_one_text_color__hover_enabled=&#8221;off&#8221; button_two_text_color__hover_enabled=&#8221;off&#8221; button_border_width__hover_enabled=&#8221;off&#8221; button_one_border_width__hover_enabled=&#8221;off&#8221; button_two_border_width__hover_enabled=&#8221;off&#8221; button_border_color__hover_enabled=&#8221;off&#8221; button_one_border_color__hover_enabled=&#8221;off&#8221; button_two_border_color__hover_enabled=&#8221;off&#8221; button_border_radius__hover_enabled=&#8221;off&#8221; button_one_border_radius__hover_enabled=&#8221;off&#8221; button_two_border_radius__hover_enabled=&#8221;off&#8221; button_letter_spacing__hover_enabled=&#8221;off&#8221; button_one_letter_spacing__hover_enabled=&#8221;off&#8221; button_two_letter_spacing__hover_enabled=&#8221;off&#8221; button_bg_color__hover_enabled=&#8221;off&#8221; button_one_bg_color__hover_enabled=&#8221;off&#8221; button_two_bg_color__hover_enabled=&#8221;off&#8221;][\/et_pb_contact_field][et_pb_contact_field field_id=&#8221;Puhelinnumero&#8221; field_title=&#8221;Phone Number&#8221; fullwidth_field=&#8221;on&#8221; _builder_version=&#8221;4.25.0&#8243; global_colors_info=&#8221;{}&#8221;][\/et_pb_contact_field][et_pb_contact_field field_id=&#8221;Vastaanottaja&#8221; field_title=&#8221;Receiver&#8221; field_type=&#8221;select&#8221; select_options=&#8221;%91{%22value%22:%22Kallioinen Rent%22,%22checked%22:0,%22dragID%22:-1},{%22dragID%22:0,%22value%22:%22Kallioinen Cranes%22,%22checked%22:0},{%22dragID%22:1,%22value%22:%22Kallioinen Real Estate%22,%22checked%22:0}%93&#8243; fullwidth_field=&#8221;on&#8221; _builder_version=&#8221;4.25.0&#8243; _module_preset=&#8221;default&#8221; global_colors_info=&#8221;{}&#8221;][\/et_pb_contact_field][et_pb_contact_field field_id=&#8221;Message&#8221; field_title=&#8221;Message&#8221; field_type=&#8221;text&#8221; fullwidth_field=&#8221;on&#8221; _builder_version=&#8221;4.25.0&#8243; global_colors_info=&#8221;{}&#8221; button_text_size__hover_enabled=&#8221;off&#8221; button_one_text_size__hover_enabled=&#8221;off&#8221; button_two_text_size__hover_enabled=&#8221;off&#8221; button_text_color__hover_enabled=&#8221;off&#8221; button_one_text_color__hover_enabled=&#8221;off&#8221; button_two_text_color__hover_enabled=&#8221;off&#8221; button_border_width__hover_enabled=&#8221;off&#8221; button_one_border_width__hover_enabled=&#8221;off&#8221; button_two_border_width__hover_enabled=&#8221;off&#8221; button_border_color__hover_enabled=&#8221;off&#8221; button_one_border_color__hover_enabled=&#8221;off&#8221; button_two_border_color__hover_enabled=&#8221;off&#8221; button_border_radius__hover_enabled=&#8221;off&#8221; button_one_border_radius__hover_enabled=&#8221;off&#8221; button_two_border_radius__hover_enabled=&#8221;off&#8221; button_letter_spacing__hover_enabled=&#8221;off&#8221; button_one_letter_spacing__hover_enabled=&#8221;off&#8221; button_two_letter_spacing__hover_enabled=&#8221;off&#8221; button_bg_color__hover_enabled=&#8221;off&#8221; button_one_bg_color__hover_enabled=&#8221;off&#8221; button_two_bg_color__hover_enabled=&#8221;off&#8221;][\/et_pb_contact_field][et_pb_contact_field field_id=&#8221;Lupa_2&#8243; field_title=&#8221; &#8221; field_type=&#8221;checkbox&#8221; checkbox_options=&#8221;%91{%22value%22:%22I agree to the processing of my personal data in accordance with the %22,%22checked%22:0,%22dragID%22:-1,%22link_text%22:%22 privacy statement%22,%22link_url%22:%22\/en\/privacy\/%22}%93&#8243; fullwidth_field=&#8221;on&#8221; _builder_version=&#8221;4.25.0&#8243; _module_preset=&#8221;default&#8221; form_field_background_color=&#8221;gcid-099bff7b-77f3-452e-adc8-16c037829c2f&#8221; form_field_text_color=&#8221;#FFFFFF&#8221; custom_css_main_element=&#8221;color:white;&#8221; global_colors_info=&#8221;{%22gcid-099bff7b-77f3-452e-adc8-16c037829c2f%22:%91%22form_field_background_color%22%93}&#8221;][\/et_pb_contact_field][\/et_pb_contact_form][\/et_pb_column][\/et_pb_row][\/et_pb_section]<\/p>\n","protected":false},"excerpt":{"rendered":"<p>Riihim\u00e4ki Old Glass FactoryThe Glass Factory is a cultural and historical treasure full of possibilities!The Old Glass Factory in Riihim\u00e4ki is one of our most important development sites, and we warmly welcome you to explore the activities of the Glass Factory! The spirit of glass is still strongly present in Riihim\u00e4ki, and the old glass [&hellip;]<\/p>\n","protected":false},"author":2,"featured_media":0,"parent":0,"menu_order":0,"comment_status":"closed","ping_status":"closed","template":"","meta":{"_et_pb_use_builder":"on","_et_pb_old_content":"","_et_gb_content_width":"","footnotes":""},"class_list":["post-2378","page","type-page","status-publish","hentry"],"_links":{"self":[{"href":"https:\/\/kallioinenyhtiot.com\/en\/wp-json\/wp\/v2\/pages\/2378","targetHints":{"allow":["GET"]}}],"collection":[{"href":"https:\/\/kallioinenyhtiot.com\/en\/wp-json\/wp\/v2\/pages"}],"about":[{"href":"https:\/\/kallioinenyhtiot.com\/en\/wp-json\/wp\/v2\/types\/page"}],"author":[{"embeddable":true,"href":"https:\/\/kallioinenyhtiot.com\/en\/wp-json\/wp\/v2\/users\/2"}],"replies":[{"embeddable":true,"href":"https:\/\/kallioinenyhtiot.com\/en\/wp-json\/wp\/v2\/comments?post=2378"}],"version-history":[{"count":3,"href":"https:\/\/kallioinenyhtiot.com\/en\/wp-json\/wp\/v2\/pages\/2378\/revisions"}],"predecessor-version":[{"id":2384,"href":"https:\/\/kallioinenyhtiot.com\/en\/wp-json\/wp\/v2\/pages\/2378\/revisions\/2384"}],"wp:attachment":[{"href":"https:\/\/kallioinenyhtiot.com\/en\/wp-json\/wp\/v2\/media?parent=2378"}],"curies":[{"name":"wp","href":"https:\/\/api.w.org\/{rel}","templated":true}]}}